{"id":4653,"date":"2019-06-17T21:18:31","date_gmt":"2019-06-18T02:18:31","guid":{"rendered":"https:\/\/fittingsgo.com\/product\/connecteurs-de-tuyaux-droits\/"},"modified":"2020-05-04T18:56:17","modified_gmt":"2020-05-04T23:56:17","slug":"connecteurs-de-tuyaux-droits","status":"publish","type":"product","link":"https:\/\/fittingsgo.com\/fr\/produit\/connecteurs-de-tuyaux-droits\/","title":{"rendered":"Connecteurs de tuyaux droits"},"content":{"rendered":"<div id=\"themify_builder_content-4653\" data-postid=\"4653\" class=\"themify_builder_content themify_builder_content-4653 themify_builder\">\n    <\/div>\n<!-- \/themify_builder_content -->\n","protected":false},"excerpt":{"rendered":"<p>Connecteurs de tuyau de chauffage et de conduite de carburant.<br \/>\nLa conception unique \u00e0 ardillon unique offre une plus grande \u00e9tanch\u00e9it\u00e9 entre les tuyaux simples ou doubles \u00e0 diam\u00e8tre int\u00e9rieur.<br \/>\n&#8211; Le nylon renforc\u00e9 de verre r\u00e9siste aux produits chimiques, \u00e0 l&#8217;essence, aux carburants diesel et aux temp\u00e9ratures allant de -40 \u00b0 C \u00e0 250 \u00b0 C.<br \/>\n&#8211; Les cloisons garantissent des profondeurs d&#8217;insertion appropri\u00e9es.<br \/>\n&#8211; Le dispositif anti-rotation emp\u00eache la rotation du tuyau.<br \/>\nFabriqu\u00e9 par Gates<\/p>\n","protected":false},"featured_media":4652,"comment_status":"open","ping_status":"closed","template":"","meta":[],"product_brand":[],"product_cat":[288],"product_tag":[180,208,177,179],"class_list":{"0":"post-4653","1":"product","2":"type-product","3":"status-publish","4":"has-post-thumbnail","6":"product_cat-connecteurs-a-tuyaux","7":"product_tag-automotive-fr","8":"product_tag-boyau-a-air","9":"product_tag-pieces-dautos","10":"product_tag-tuyau","11":"has-post-title","12":"has-post-date","13":"has-post-category","14":"has-post-tag","15":"has-post-comment","16":"has-post-author","17":"","18":"fullcover","20":"first","21":"instock","22":"taxable","23":"shipping-taxable","24":"purchasable","25":"product-type-variable"},"jetpack_sharing_enabled":true,"builder_content":"","_links":{"self":[{"href":"https:\/\/fittingsgo.com\/fr\/wp-json\/wp\/v2\/product\/4653","targetHints":{"allow":["GET"]}}],"collection":[{"href":"https:\/\/fittingsgo.com\/fr\/wp-json\/wp\/v2\/product"}],"about":[{"href":"https:\/\/fittingsgo.com\/fr\/wp-json\/wp\/v2\/types\/product"}],"replies":[{"embeddable":true,"href":"https:\/\/fittingsgo.com\/fr\/wp-json\/wp\/v2\/comments?post=4653"}],"wp:featuredmedia":[{"embeddable":true,"href":"https:\/\/fittingsgo.com\/fr\/wp-json\/wp\/v2\/media\/4652"}],"wp:attachment":[{"href":"https:\/\/fittingsgo.com\/fr\/wp-json\/wp\/v2\/media?parent=4653"}],"wp:term":[{"taxonomy":"product_brand","embeddable":true,"href":"https:\/\/fittingsgo.com\/fr\/wp-json\/wp\/v2\/product_brand?post=4653"},{"taxonomy":"product_cat","embeddable":true,"href":"https:\/\/fittingsgo.com\/fr\/wp-json\/wp\/v2\/product_cat?post=4653"},{"taxonomy":"product_tag","embeddable":true,"href":"https:\/\/fittingsgo.com\/fr\/wp-json\/wp\/v2\/product_tag?post=4653"}],"curies":[{"name":"wp","href":"https:\/\/api.w.org\/{rel}","templated":true}]}}