{"id":4596,"date":"2019-06-16T10:02:17","date_gmt":"2019-06-16T15:02:17","guid":{"rendered":"https:\/\/fittingsgo.com\/product\/raccord-adaptateur-90-an-a-npt\/"},"modified":"2020-04-13T23:38:20","modified_gmt":"2020-04-14T04:38:20","slug":"raccord-adaptateur-90-an-a-npt","status":"publish","type":"product","link":"https:\/\/fittingsgo.com\/fr\/produit\/raccord-adaptateur-90-an-a-npt\/","title":{"rendered":"Raccord adaptateur 90\u00b0 AN \u00e0 NPT"},"content":{"rendered":"<p>Interchange: 660830, 660820, 660840, 660850, 660860, 660870, 10257, 10252A, 10258, 10249, 10267, 10253, 10268, 10175<br \/>\nAluminium l\u00e9ger<\/p>\n<div id=\"themify_builder_content-4596\" data-postid=\"4596\" class=\"themify_builder_content themify_builder_content-4596 themify_builder\">\n    <\/div>\n<!-- \/themify_builder_content -->\n","protected":false},"excerpt":{"rendered":"<p>&#8211; Usinage de pr\u00e9cision pour assurer un engagement pr\u00e9cis du fil.<br \/>\n&#8211; Les raccords en aluminium l\u00e9ger sont con\u00e7us pour correspondre \u00e0 tous les tuyaux et embouts de tuyau Russell Performance.<br \/>\n&#8211; L\u2019angle d\u2019\u00e9tanch\u00e9it\u00e9 \u00e0 37 \u00b0 garantit un joint positif aux pressions de service maximales.<br \/>\nFabriqu\u00e9 par Russell et\/ou Vibrant<\/p>\n","protected":false},"featured_media":4595,"comment_status":"open","ping_status":"closed","template":"","meta":[],"product_brand":[],"product_cat":[285],"product_tag":[180,210,177,179],"class_list":{"0":"post-4596","1":"product","2":"type-product","3":"status-publish","4":"has-post-thumbnail","6":"product_cat-plomberie-de-performance","7":"product_tag-automotive-fr","8":"product_tag-carburant","9":"product_tag-pieces-dautos","10":"product_tag-tuyau","11":"has-post-title","12":"has-post-date","13":"has-post-category","14":"has-post-tag","15":"has-post-comment","16":"has-post-author","17":"","18":"fullcover","20":"first","21":"instock","22":"featured","23":"taxable","24":"shipping-taxable","25":"purchasable","26":"product-type-variable"},"jetpack_sharing_enabled":true,"builder_content":"","_links":{"self":[{"href":"https:\/\/fittingsgo.com\/fr\/wp-json\/wp\/v2\/product\/4596","targetHints":{"allow":["GET"]}}],"collection":[{"href":"https:\/\/fittingsgo.com\/fr\/wp-json\/wp\/v2\/product"}],"about":[{"href":"https:\/\/fittingsgo.com\/fr\/wp-json\/wp\/v2\/types\/product"}],"replies":[{"embeddable":true,"href":"https:\/\/fittingsgo.com\/fr\/wp-json\/wp\/v2\/comments?post=4596"}],"wp:featuredmedia":[{"embeddable":true,"href":"https:\/\/fittingsgo.com\/fr\/wp-json\/wp\/v2\/media\/4595"}],"wp:attachment":[{"href":"https:\/\/fittingsgo.com\/fr\/wp-json\/wp\/v2\/media?parent=4596"}],"wp:term":[{"taxonomy":"product_brand","embeddable":true,"href":"https:\/\/fittingsgo.com\/fr\/wp-json\/wp\/v2\/product_brand?post=4596"},{"taxonomy":"product_cat","embeddable":true,"href":"https:\/\/fittingsgo.com\/fr\/wp-json\/wp\/v2\/product_cat?post=4596"},{"taxonomy":"product_tag","embeddable":true,"href":"https:\/\/fittingsgo.com\/fr\/wp-json\/wp\/v2\/product_tag?post=4596"}],"curies":[{"name":"wp","href":"https:\/\/api.w.org\/{rel}","templated":true}]}}