{"id":4552,"date":"2019-06-14T21:18:09","date_gmt":"2019-06-15T02:18:09","guid":{"rendered":"https:\/\/fittingsgo.com\/product\/raccord-de-tuyau-90\/"},"modified":"2020-04-13T22:35:05","modified_gmt":"2020-04-14T03:35:05","slug":"raccord-de-tuyau-90","status":"publish","type":"product","link":"https:\/\/fittingsgo.com\/fr\/produit\/raccord-de-tuyau-90\/","title":{"rendered":"Raccord de tuyau 90\u00b0"},"content":{"rendered":"<p>Interchange: 610160, 610170, 21906, 21908<br \/>\nAnodis\u00e9<\/p>\n<div id=\"themify_builder_content-4552\" data-postid=\"4552\" class=\"themify_builder_content themify_builder_content-4552 themify_builder\">\n    <\/div>\n<!-- \/themify_builder_content -->\n","protected":false},"excerpt":{"rendered":"<p>Dot\u00e9s d\u2019un design conique unique pour un assemblage facile et d\u2019un mandrin pli\u00e9 pour un \u00e9coulement sup\u00e9rieur. Ils sont \u00e9galement con\u00e7us avec une surface d\u2019\u00e9tanch\u00e9it\u00e9 coud\u00e9e \u00e0 37 \u00b0 garantissant une \u00e9tanch\u00e9it\u00e9 positive et ne n\u00e9cessitant pas l\u2019utilisation de mastic d\u2019\u00e9tanch\u00e9it\u00e9 ou de ruban PTFE.<br \/>\nFabriqu\u00e9 par Russell (Edelbrock) et\/ou Vibrant<\/p>\n","protected":false},"featured_media":14802,"comment_status":"open","ping_status":"closed","template":"","meta":[],"product_brand":[],"product_cat":[285],"product_tag":[210,177],"class_list":{"0":"post-4552","1":"product","2":"type-product","3":"status-publish","4":"has-post-thumbnail","6":"product_cat-plomberie-de-performance","7":"product_tag-carburant","8":"product_tag-pieces-dautos","9":"has-post-title","10":"has-post-date","11":"has-post-category","12":"has-post-tag","13":"has-post-comment","14":"has-post-author","15":"","16":"fullcover","18":"first","19":"instock","20":"taxable","21":"shipping-taxable","22":"purchasable","23":"product-type-variable"},"jetpack_sharing_enabled":true,"builder_content":"","_links":{"self":[{"href":"https:\/\/fittingsgo.com\/fr\/wp-json\/wp\/v2\/product\/4552","targetHints":{"allow":["GET"]}}],"collection":[{"href":"https:\/\/fittingsgo.com\/fr\/wp-json\/wp\/v2\/product"}],"about":[{"href":"https:\/\/fittingsgo.com\/fr\/wp-json\/wp\/v2\/types\/product"}],"replies":[{"embeddable":true,"href":"https:\/\/fittingsgo.com\/fr\/wp-json\/wp\/v2\/comments?post=4552"}],"wp:featuredmedia":[{"embeddable":true,"href":"https:\/\/fittingsgo.com\/fr\/wp-json\/wp\/v2\/media\/14802"}],"wp:attachment":[{"href":"https:\/\/fittingsgo.com\/fr\/wp-json\/wp\/v2\/media?parent=4552"}],"wp:term":[{"taxonomy":"product_brand","embeddable":true,"href":"https:\/\/fittingsgo.com\/fr\/wp-json\/wp\/v2\/product_brand?post=4552"},{"taxonomy":"product_cat","embeddable":true,"href":"https:\/\/fittingsgo.com\/fr\/wp-json\/wp\/v2\/product_cat?post=4552"},{"taxonomy":"product_tag","embeddable":true,"href":"https:\/\/fittingsgo.com\/fr\/wp-json\/wp\/v2\/product_tag?post=4552"}],"curies":[{"name":"wp","href":"https:\/\/api.w.org\/{rel}","templated":true}]}}