{"id":4524,"date":"2019-06-14T20:12:33","date_gmt":"2019-06-15T01:12:33","guid":{"rendered":"https:\/\/fittingsgo.com\/product\/tuyau-en-acier-inoxydable\/"},"modified":"2020-08-08T08:02:50","modified_gmt":"2020-08-08T13:02:50","slug":"tuyau-en-acier-inoxydable","status":"publish","type":"product","link":"https:\/\/fittingsgo.com\/fr\/produit\/tuyau-en-acier-inoxydable\/","title":{"rendered":"Tuyau en acier inoxydable"},"content":{"rendered":"<p>Interchange: 632050, 632060, 632070, 632100, 632110, 632120<\/p>\n<div id=\"themify_builder_content-4524\" data-postid=\"4524\" class=\"themify_builder_content themify_builder_content-4524 themify_builder\">\n    <\/div>\n<!-- \/themify_builder_content -->\n","protected":false},"excerpt":{"rendered":"<p>Tuyau Proflex Performance<br \/>\nLe tuyau de performance Russell ProFlex est construit avec une tresse ext\u00e9rieure en acier inoxydable r\u00e9sistant \u00e0 l\u2019abrasion et \u00e0 la corrosion et une gaine en caoutchouc synth\u00e9tique renforc\u00e9e en poly\u00e9thyl\u00e8ne chlor\u00e9 (CPE) avec une tresse int\u00e9rieure en nylon qui ne s\u2019effondrera pas sous une chaleur extr\u00eame, tout en restant extr\u00eamement flexible.<br \/>\nPSI \u00e9valu\u00e9: 1000PSI<br \/>\nId\u00e9al pour le carburant, l&#8217;eau et l&#8217;huile.<br \/>\nFabriqu\u00e9 par Russell (Edelbrock)<\/p>\n","protected":false},"featured_media":4519,"comment_status":"open","ping_status":"closed","template":"","meta":[],"product_brand":[],"product_cat":[285],"product_tag":[177,179],"class_list":{"0":"post-4524","1":"product","2":"type-product","3":"status-publish","4":"has-post-thumbnail","6":"product_cat-plomberie-de-performance","7":"product_tag-pieces-dautos","8":"product_tag-tuyau","9":"has-post-title","10":"has-post-date","11":"has-post-category","12":"has-post-tag","13":"has-post-comment","14":"has-post-author","15":"","16":"fullcover","18":"first","19":"instock","20":"taxable","21":"shipping-taxable","22":"purchasable","23":"product-type-variable"},"jetpack_sharing_enabled":true,"builder_content":"","_links":{"self":[{"href":"https:\/\/fittingsgo.com\/fr\/wp-json\/wp\/v2\/product\/4524","targetHints":{"allow":["GET"]}}],"collection":[{"href":"https:\/\/fittingsgo.com\/fr\/wp-json\/wp\/v2\/product"}],"about":[{"href":"https:\/\/fittingsgo.com\/fr\/wp-json\/wp\/v2\/types\/product"}],"replies":[{"embeddable":true,"href":"https:\/\/fittingsgo.com\/fr\/wp-json\/wp\/v2\/comments?post=4524"}],"wp:featuredmedia":[{"embeddable":true,"href":"https:\/\/fittingsgo.com\/fr\/wp-json\/wp\/v2\/media\/4519"}],"wp:attachment":[{"href":"https:\/\/fittingsgo.com\/fr\/wp-json\/wp\/v2\/media?parent=4524"}],"wp:term":[{"taxonomy":"product_brand","embeddable":true,"href":"https:\/\/fittingsgo.com\/fr\/wp-json\/wp\/v2\/product_brand?post=4524"},{"taxonomy":"product_cat","embeddable":true,"href":"https:\/\/fittingsgo.com\/fr\/wp-json\/wp\/v2\/product_cat?post=4524"},{"taxonomy":"product_tag","embeddable":true,"href":"https:\/\/fittingsgo.com\/fr\/wp-json\/wp\/v2\/product_tag?post=4524"}],"curies":[{"name":"wp","href":"https:\/\/api.w.org\/{rel}","templated":true}]}}