{"id":4326,"date":"2018-12-30T18:59:21","date_gmt":"2018-12-30T23:59:21","guid":{"rendered":"https:\/\/fittingsgo.com\/product\/tuyau-de-carburant-pour-connecteurs-rapides\/"},"modified":"2020-04-27T15:27:06","modified_gmt":"2020-04-27T20:27:06","slug":"tuyau-de-carburant-pour-connecteurs-rapides","status":"publish","type":"product","link":"https:\/\/fittingsgo.com\/fr\/produit\/tuyau-de-carburant-pour-connecteurs-rapides\/","title":{"rendered":"Tuyau de carburant pour connecteurs rapides"},"content":{"rendered":"<p>FMSI: 3066, 3067, 3095, 3150, 3151, 3152, 3293, 3294, 3295<br \/>\nInterchange: 800-155, 800155, 800-154, 800154, 800-158, 800158, FL3066, FL3067, FL3095<\/p>\n<div id=\"themify_builder_content-4326\" data-postid=\"4326\" class=\"themify_builder_content themify_builder_content-4326 themify_builder\">\n    <\/div>\n<!-- \/themify_builder_content -->\n","protected":false},"excerpt":{"rendered":"<p>Lignes de r\u00e9paration de carburant en acier avec extr\u00e9mit\u00e9s m\u00e2les.<br \/>\nPour les connecteurs rapides de carburant en nylon.<br \/>\nPour les v\u00e9hicules GM \u00e9quip\u00e9s de filtres \u00e0 carburant 33980 (Wix) ou G10902 (Fram), utilisez une ligne de 3\/8.<br \/>\nFabriqu\u00e9 par FMSI<\/p>\n","protected":false},"featured_media":2899,"comment_status":"open","ping_status":"closed","template":"","meta":[],"product_brand":[],"product_cat":[272],"product_tag":[180,210,189,177],"class_list":{"0":"post-4326","1":"product","2":"type-product","3":"status-publish","4":"has-post-thumbnail","6":"product_cat-tuyaux-de-reparation-de-carburant-en-acier","7":"product_tag-automotive-fr","8":"product_tag-carburant","9":"product_tag-fournitures-datelier","10":"product_tag-pieces-dautos","11":"has-post-title","12":"has-post-date","13":"has-post-category","14":"has-post-tag","15":"has-post-comment","16":"has-post-author","17":"","18":"fullcover","20":"first","21":"instock","22":"taxable","23":"shipping-taxable","24":"purchasable","25":"product-type-variable"},"jetpack_sharing_enabled":true,"builder_content":"","_links":{"self":[{"href":"https:\/\/fittingsgo.com\/fr\/wp-json\/wp\/v2\/product\/4326","targetHints":{"allow":["GET"]}}],"collection":[{"href":"https:\/\/fittingsgo.com\/fr\/wp-json\/wp\/v2\/product"}],"about":[{"href":"https:\/\/fittingsgo.com\/fr\/wp-json\/wp\/v2\/types\/product"}],"replies":[{"embeddable":true,"href":"https:\/\/fittingsgo.com\/fr\/wp-json\/wp\/v2\/comments?post=4326"}],"wp:featuredmedia":[{"embeddable":true,"href":"https:\/\/fittingsgo.com\/fr\/wp-json\/wp\/v2\/media\/2899"}],"wp:attachment":[{"href":"https:\/\/fittingsgo.com\/fr\/wp-json\/wp\/v2\/media?parent=4326"}],"wp:term":[{"taxonomy":"product_brand","embeddable":true,"href":"https:\/\/fittingsgo.com\/fr\/wp-json\/wp\/v2\/product_brand?post=4326"},{"taxonomy":"product_cat","embeddable":true,"href":"https:\/\/fittingsgo.com\/fr\/wp-json\/wp\/v2\/product_cat?post=4326"},{"taxonomy":"product_tag","embeddable":true,"href":"https:\/\/fittingsgo.com\/fr\/wp-json\/wp\/v2\/product_tag?post=4326"}],"curies":[{"name":"wp","href":"https:\/\/api.w.org\/{rel}","templated":true}]}}