{"id":4323,"date":"2018-12-30T23:39:21","date_gmt":"2018-12-31T04:39:21","guid":{"rendered":"https:\/\/fittingsgo.com\/product\/tuyaux-de-carburant-pour-connecteur-rapide-a-boyau\/"},"modified":"2020-03-22T11:24:42","modified_gmt":"2020-03-22T16:24:42","slug":"tuyau-de-carburant-pour-connecteur-rapide-a-boyau","status":"publish","type":"product","link":"https:\/\/fittingsgo.com\/fr\/produit\/tuyau-de-carburant-pour-connecteur-rapide-a-boyau\/","title":{"rendered":"Tuyau de carburant pour connecteur rapide \u00e0 boyau"},"content":{"rendered":"<p>FMSI: 3188, 3189<\/p>\n<div id=\"themify_builder_content-4323\" data-postid=\"4323\" class=\"themify_builder_content themify_builder_content-4323 themify_builder\">\n    <\/div>\n<!-- \/themify_builder_content -->\n","protected":false},"excerpt":{"rendered":"<p>Raccord rapide de ligne de r\u00e9paration en acier \u00e0 l&#8217;extr\u00e9mit\u00e9 du tuyau.<br \/>\n3-3 \/4 po long.<br \/>\nPour les v\u00e9hicules GM \u00e9quip\u00e9s de filtres \u00e0 carburant 33980 (Wix) ou G10902 (Fram), utilisez une ligne de 3\/8.<br \/>\nFabriqu\u00e9 par FMSI<\/p>\n","protected":false},"featured_media":2901,"comment_status":"open","ping_status":"closed","template":"","meta":[],"product_brand":[],"product_cat":[272],"product_tag":[180,210,189,177],"class_list":{"0":"post-4323","1":"product","2":"type-product","3":"status-publish","4":"has-post-thumbnail","6":"product_cat-tuyaux-de-reparation-de-carburant-en-acier","7":"product_tag-automotive-fr","8":"product_tag-carburant","9":"product_tag-fournitures-datelier","10":"product_tag-pieces-dautos","11":"has-post-title","12":"has-post-date","13":"has-post-category","14":"has-post-tag","15":"has-post-comment","16":"has-post-author","17":"","18":"fullcover","20":"first","21":"instock","22":"taxable","23":"shipping-taxable","24":"purchasable","25":"product-type-variable"},"jetpack_sharing_enabled":true,"builder_content":"","_links":{"self":[{"href":"https:\/\/fittingsgo.com\/fr\/wp-json\/wp\/v2\/product\/4323","targetHints":{"allow":["GET"]}}],"collection":[{"href":"https:\/\/fittingsgo.com\/fr\/wp-json\/wp\/v2\/product"}],"about":[{"href":"https:\/\/fittingsgo.com\/fr\/wp-json\/wp\/v2\/types\/product"}],"replies":[{"embeddable":true,"href":"https:\/\/fittingsgo.com\/fr\/wp-json\/wp\/v2\/comments?post=4323"}],"wp:featuredmedia":[{"embeddable":true,"href":"https:\/\/fittingsgo.com\/fr\/wp-json\/wp\/v2\/media\/2901"}],"wp:attachment":[{"href":"https:\/\/fittingsgo.com\/fr\/wp-json\/wp\/v2\/media?parent=4323"}],"wp:term":[{"taxonomy":"product_brand","embeddable":true,"href":"https:\/\/fittingsgo.com\/fr\/wp-json\/wp\/v2\/product_brand?post=4323"},{"taxonomy":"product_cat","embeddable":true,"href":"https:\/\/fittingsgo.com\/fr\/wp-json\/wp\/v2\/product_cat?post=4323"},{"taxonomy":"product_tag","embeddable":true,"href":"https:\/\/fittingsgo.com\/fr\/wp-json\/wp\/v2\/product_tag?post=4323"}],"curies":[{"name":"wp","href":"https:\/\/api.w.org\/{rel}","templated":true}]}}