{"id":4133,"date":"2019-01-14T22:48:13","date_gmt":"2019-01-15T03:48:13","guid":{"rendered":"https:\/\/fittingsgo.com\/product\/tuyau-essence-50-psi\/"},"modified":"2023-03-16T12:44:33","modified_gmt":"2023-03-16T17:44:33","slug":"tuyau-essence-50-psi","status":"publish","type":"product","link":"https:\/\/fittingsgo.com\/fr\/produit\/tuyau-essence-50-psi\/","title":{"rendered":"Tuyau d&#8217;essence 50 psi"},"content":{"rendered":"<p>Thermoid: 24046, 25062, 25078, 25080, 25088, 25090, 25105, 25107<\/p>\n<div id=\"themify_builder_content-4133\" data-postid=\"4133\" class=\"themify_builder_content themify_builder_content-4133 themify_builder\">\n    <\/div>\n<!-- \/themify_builder_content -->\n","protected":false},"excerpt":{"rendered":"<p>Tuyau d&#8217;essence ordinaire.<br \/>\n\u00c9valu\u00e9 \u00e0 50 psi<br \/>\nRouleaux de 25 pi.<br \/>\nFabriqu\u00e9 par Thermoid et \/ ou Gates<\/p>\n","protected":false},"featured_media":1117,"comment_status":"open","ping_status":"closed","template":"","meta":[],"product_brand":[],"product_cat":[209],"product_tag":[180,210,189,177],"class_list":{"0":"post-4133","1":"product","2":"type-product","3":"status-publish","4":"has-post-thumbnail","6":"product_cat-tuyaux-de-carburant","7":"product_tag-automotive-fr","8":"product_tag-carburant","9":"product_tag-fournitures-datelier","10":"product_tag-pieces-dautos","11":"has-post-title","12":"has-post-date","13":"has-post-category","14":"has-post-tag","15":"has-post-comment","16":"has-post-author","17":"","18":"fullcover","20":"first","21":"instock","22":"taxable","23":"shipping-taxable","24":"purchasable","25":"product-type-variable"},"jetpack_sharing_enabled":true,"builder_content":"","_links":{"self":[{"href":"https:\/\/fittingsgo.com\/fr\/wp-json\/wp\/v2\/product\/4133","targetHints":{"allow":["GET"]}}],"collection":[{"href":"https:\/\/fittingsgo.com\/fr\/wp-json\/wp\/v2\/product"}],"about":[{"href":"https:\/\/fittingsgo.com\/fr\/wp-json\/wp\/v2\/types\/product"}],"replies":[{"embeddable":true,"href":"https:\/\/fittingsgo.com\/fr\/wp-json\/wp\/v2\/comments?post=4133"}],"wp:featuredmedia":[{"embeddable":true,"href":"https:\/\/fittingsgo.com\/fr\/wp-json\/wp\/v2\/media\/1117"}],"wp:attachment":[{"href":"https:\/\/fittingsgo.com\/fr\/wp-json\/wp\/v2\/media?parent=4133"}],"wp:term":[{"taxonomy":"product_brand","embeddable":true,"href":"https:\/\/fittingsgo.com\/fr\/wp-json\/wp\/v2\/product_brand?post=4133"},{"taxonomy":"product_cat","embeddable":true,"href":"https:\/\/fittingsgo.com\/fr\/wp-json\/wp\/v2\/product_cat?post=4133"},{"taxonomy":"product_tag","embeddable":true,"href":"https:\/\/fittingsgo.com\/fr\/wp-json\/wp\/v2\/product_tag?post=4133"}],"curies":[{"name":"wp","href":"https:\/\/api.w.org\/{rel}","templated":true}]}}