{"id":4117,"date":"2019-01-16T21:48:10","date_gmt":"2019-01-17T02:48:10","guid":{"rendered":"https:\/\/fittingsgo.com\/product\/stabilisateur-essence\/"},"modified":"2020-02-16T21:18:17","modified_gmt":"2020-02-17T02:18:17","slug":"stabilisateur-essence","status":"publish","type":"product","link":"https:\/\/fittingsgo.com\/fr\/produit\/stabilisateur-essence\/","title":{"rendered":"Stabilisateur d&#8217;essence de Lucas Oil"},"content":{"rendered":"<p>Le stabilisateur de carburant de Lucas est la meilleure solution pour emp\u00eacher la d\u00e9composition de l\u2019essence pendant l\u2019entreposage. Il nettoie, lubrifie et pr\u00e9serve les pompes \u00e0 essence, les carburateurs, les injecteurs et les segments de compression. Son utilisation ne pose aucun<br \/>\ndanger pour tous les types d\u2019essence, quel qu\u2019en soit le taux d\u2019octane, et pour tous les moteurs \u00e0 deux temps ou \u00e0 quatre temps. Facile \u00e0 utiliser! Taux d\u2019utilisation: 1 oz traite 1 gallon.<br \/>\n10314, 20302, 20303<\/p>\n<div id=\"themify_builder_content-4117\" data-postid=\"4117\" class=\"themify_builder_content themify_builder_content-4117 themify_builder\">\n    <\/div>\n<!-- \/themify_builder_content -->\n","protected":false},"excerpt":{"rendered":"<p>Stabilisateur d&#8217;essence Lucas Oil<\/p>\n","protected":false},"featured_media":11616,"comment_status":"open","ping_status":"closed","template":"","meta":[],"product_brand":[],"product_cat":[267],"product_tag":[210,177],"class_list":{"0":"post-4117","1":"product","2":"type-product","3":"status-publish","4":"has-post-thumbnail","6":"product_cat-additifs-essence","7":"product_tag-carburant","8":"product_tag-pieces-dautos","9":"has-post-title","10":"has-post-date","11":"has-post-category","12":"has-post-tag","13":"has-post-comment","14":"has-post-author","15":"","16":"fullcover","18":"first","19":"instock","20":"taxable","21":"shipping-taxable","22":"purchasable","23":"product-type-variable"},"jetpack_sharing_enabled":true,"builder_content":"","_links":{"self":[{"href":"https:\/\/fittingsgo.com\/fr\/wp-json\/wp\/v2\/product\/4117","targetHints":{"allow":["GET"]}}],"collection":[{"href":"https:\/\/fittingsgo.com\/fr\/wp-json\/wp\/v2\/product"}],"about":[{"href":"https:\/\/fittingsgo.com\/fr\/wp-json\/wp\/v2\/types\/product"}],"replies":[{"embeddable":true,"href":"https:\/\/fittingsgo.com\/fr\/wp-json\/wp\/v2\/comments?post=4117"}],"wp:featuredmedia":[{"embeddable":true,"href":"https:\/\/fittingsgo.com\/fr\/wp-json\/wp\/v2\/media\/11616"}],"wp:attachment":[{"href":"https:\/\/fittingsgo.com\/fr\/wp-json\/wp\/v2\/media?parent=4117"}],"wp:term":[{"taxonomy":"product_brand","embeddable":true,"href":"https:\/\/fittingsgo.com\/fr\/wp-json\/wp\/v2\/product_brand?post=4117"},{"taxonomy":"product_cat","embeddable":true,"href":"https:\/\/fittingsgo.com\/fr\/wp-json\/wp\/v2\/product_cat?post=4117"},{"taxonomy":"product_tag","embeddable":true,"href":"https:\/\/fittingsgo.com\/fr\/wp-json\/wp\/v2\/product_tag?post=4117"}],"curies":[{"name":"wp","href":"https:\/\/api.w.org\/{rel}","templated":true}]}}