{"id":4116,"date":"2019-01-16T21:53:34","date_gmt":"2019-01-17T02:53:34","guid":{"rendered":"https:\/\/fittingsgo.com\/product\/antigel-pour-conduits-dessence\/"},"modified":"2019-06-21T20:54:14","modified_gmt":"2019-06-22T01:54:14","slug":"antigel-pour-conduits-dessence","status":"publish","type":"product","link":"https:\/\/fittingsgo.com\/fr\/produit\/antigel-pour-conduits-dessence\/","title":{"rendered":"Antigel pour conduits d\u2019essence"},"content":{"rendered":"<p>Kleen Flo: 426<\/p>\n<div id=\"themify_builder_content-4116\" data-postid=\"4116\" class=\"themify_builder_content themify_builder_content-4116 themify_builder\">\n    <\/div>\n<!-- \/themify_builder_content -->\n","protected":false},"excerpt":{"rendered":"<p>Pr\u00e9vient et d\u00e9g\u00e8le les conduits d\u2019essence gel\u00e9s. Absorbe la condensation dans le r\u00e9servoir d\u2019essence et pr\u00e9vient la corrosion.<br \/>\nFabriqu\u00e9 par Kleen-Flo<\/p>\n","protected":false},"featured_media":2985,"comment_status":"open","ping_status":"closed","template":"","meta":[],"product_brand":[],"product_cat":[267],"product_tag":[177],"class_list":{"0":"post-4116","1":"product","2":"type-product","3":"status-publish","4":"has-post-thumbnail","6":"product_cat-additifs-essence","7":"product_tag-pieces-dautos","8":"has-post-title","9":"has-post-date","10":"has-post-category","11":"has-post-tag","12":"has-post-comment","13":"has-post-author","14":"","15":"fullcover","17":"first","18":"instock","19":"taxable","20":"shipping-taxable","21":"purchasable","22":"product-type-simple"},"jetpack_sharing_enabled":true,"builder_content":"","_links":{"self":[{"href":"https:\/\/fittingsgo.com\/fr\/wp-json\/wp\/v2\/product\/4116","targetHints":{"allow":["GET"]}}],"collection":[{"href":"https:\/\/fittingsgo.com\/fr\/wp-json\/wp\/v2\/product"}],"about":[{"href":"https:\/\/fittingsgo.com\/fr\/wp-json\/wp\/v2\/types\/product"}],"replies":[{"embeddable":true,"href":"https:\/\/fittingsgo.com\/fr\/wp-json\/wp\/v2\/comments?post=4116"}],"wp:featuredmedia":[{"embeddable":true,"href":"https:\/\/fittingsgo.com\/fr\/wp-json\/wp\/v2\/media\/2985"}],"wp:attachment":[{"href":"https:\/\/fittingsgo.com\/fr\/wp-json\/wp\/v2\/media?parent=4116"}],"wp:term":[{"taxonomy":"product_brand","embeddable":true,"href":"https:\/\/fittingsgo.com\/fr\/wp-json\/wp\/v2\/product_brand?post=4116"},{"taxonomy":"product_cat","embeddable":true,"href":"https:\/\/fittingsgo.com\/fr\/wp-json\/wp\/v2\/product_cat?post=4116"},{"taxonomy":"product_tag","embeddable":true,"href":"https:\/\/fittingsgo.com\/fr\/wp-json\/wp\/v2\/product_tag?post=4116"}],"curies":[{"name":"wp","href":"https:\/\/api.w.org\/{rel}","templated":true}]}}