{"id":4047,"date":"2019-01-22T22:57:35","date_gmt":"2019-01-23T03:57:35","guid":{"rendered":"https:\/\/fittingsgo.com\/product\/tuyau-dechappement-droit-de-26-po\/"},"modified":"2020-01-28T23:15:46","modified_gmt":"2020-01-29T04:15:46","slug":"tuyau-dechappement-droit-de-26-po","status":"publish","type":"product","link":"https:\/\/fittingsgo.com\/fr\/produit\/tuyau-dechappement-droit-de-26-po\/","title":{"rendered":"Tuyau d&#8217;\u00e9chappement droit de 26 po"},"content":{"rendered":"<p>Besoin d\u2019aide? Voici une le\u00e7on rapide sur le dimensionnement de la tuyauterie d\u2019\u00e9chappement d\u2019automobile.<br \/>\n\u2013 Les composants tels que les silencieux, les convertisseurs catalytiques et les r\u00e9sonateurs sont g\u00e9n\u00e9ralement mesur\u00e9s en tailles I.D.<br \/>\n\u2013 Les tuyaux tels que les tuyaux d\u2019extension et les queux sont mesur\u00e9s en tailles O.D.<br \/>\nBien que les deux types de pi\u00e8ces poss\u00e8dent le m\u00eame diam\u00e8tre annonc\u00e9, les tuyaux sont destin\u00e9s \u00e0 glisser dans les composants.<\/p>\n<p>548630, 548631, 548632, 548633, 548634, 548635, 548636<\/p>\n<div id=\"themify_builder_content-4047\" data-postid=\"4047\" class=\"themify_builder_content themify_builder_content-4047 themify_builder\">\n    <\/div>\n<!-- \/themify_builder_content -->\n","protected":false},"excerpt":{"rendered":"<p>Tuyau d&#8217;extension droit de 26 pouces.<br \/>\nZingu\u00e9<\/p>\n","protected":false},"featured_media":2996,"comment_status":"open","ping_status":"closed","template":"","meta":[],"product_brand":[],"product_cat":[178],"product_tag":[189,177,179],"class_list":{"0":"post-4047","1":"product","2":"type-product","3":"status-publish","4":"has-post-thumbnail","6":"product_cat-echappement","7":"product_tag-fournitures-datelier","8":"product_tag-pieces-dautos","9":"product_tag-tuyau","10":"has-post-title","11":"has-post-date","12":"has-post-category","13":"has-post-tag","14":"has-post-comment","15":"has-post-author","16":"","17":"fullcover","19":"first","20":"outofstock","21":"taxable","22":"shipping-taxable","23":"purchasable","24":"product-type-variable"},"jetpack_sharing_enabled":true,"builder_content":"","_links":{"self":[{"href":"https:\/\/fittingsgo.com\/fr\/wp-json\/wp\/v2\/product\/4047","targetHints":{"allow":["GET"]}}],"collection":[{"href":"https:\/\/fittingsgo.com\/fr\/wp-json\/wp\/v2\/product"}],"about":[{"href":"https:\/\/fittingsgo.com\/fr\/wp-json\/wp\/v2\/types\/product"}],"replies":[{"embeddable":true,"href":"https:\/\/fittingsgo.com\/fr\/wp-json\/wp\/v2\/comments?post=4047"}],"wp:featuredmedia":[{"embeddable":true,"href":"https:\/\/fittingsgo.com\/fr\/wp-json\/wp\/v2\/media\/2996"}],"wp:attachment":[{"href":"https:\/\/fittingsgo.com\/fr\/wp-json\/wp\/v2\/media?parent=4047"}],"wp:term":[{"taxonomy":"product_brand","embeddable":true,"href":"https:\/\/fittingsgo.com\/fr\/wp-json\/wp\/v2\/product_brand?post=4047"},{"taxonomy":"product_cat","embeddable":true,"href":"https:\/\/fittingsgo.com\/fr\/wp-json\/wp\/v2\/product_cat?post=4047"},{"taxonomy":"product_tag","embeddable":true,"href":"https:\/\/fittingsgo.com\/fr\/wp-json\/wp\/v2\/product_tag?post=4047"}],"curies":[{"name":"wp","href":"https:\/\/api.w.org\/{rel}","templated":true}]}}