{"id":4011,"date":"2019-01-24T21:27:08","date_gmt":"2019-01-25T02:27:08","guid":{"rendered":"https:\/\/fittingsgo.com\/product\/tube-retrecissante-double-adhesif\/"},"modified":"2020-01-12T20:27:43","modified_gmt":"2020-01-13T01:27:43","slug":"tube-retrecissante-double-adhesif","status":"publish","type":"product","link":"https:\/\/fittingsgo.com\/fr\/produit\/tube-retrecissante-double-adhesif\/","title":{"rendered":"Tube r\u00e9tr\u00e9cissante doubl\u00e9 d&#8217;adh\u00e9sif"},"content":{"rendered":"<p>Pico: 8329-A, 8330-A, 8331-A, 8332-A, 8333-A, 8334-43, 8335-43, 8329A, 8330A, 8331A, 8332A, 8333A, 833443, 833543<\/p>\n<div id=\"themify_builder_content-4011\" data-postid=\"4011\" class=\"themify_builder_content themify_builder_content-4011 themify_builder\">\n    <\/div>\n<!-- \/themify_builder_content -->\n","protected":false},"excerpt":{"rendered":"<p>Gaine thermor\u00e9tractable noire.<br \/>\nLot de 6.<br \/>\nLongueur de 6 pouces.<br \/>\nFabriqu\u00e9 par Pico<\/p>\n","protected":false},"featured_media":3048,"comment_status":"open","ping_status":"closed","template":"","meta":[],"product_brand":[],"product_cat":[266],"product_tag":[177],"class_list":{"0":"post-4011","1":"product","2":"type-product","3":"status-publish","4":"has-post-thumbnail","6":"product_cat-tube-retrecissante","7":"product_tag-pieces-dautos","8":"has-post-title","9":"has-post-date","10":"has-post-category","11":"has-post-tag","12":"has-post-comment","13":"has-post-author","14":"","15":"fullcover","17":"first","18":"instock","19":"taxable","20":"shipping-taxable","21":"purchasable","22":"product-type-variable"},"jetpack_sharing_enabled":true,"builder_content":"","_links":{"self":[{"href":"https:\/\/fittingsgo.com\/fr\/wp-json\/wp\/v2\/product\/4011","targetHints":{"allow":["GET"]}}],"collection":[{"href":"https:\/\/fittingsgo.com\/fr\/wp-json\/wp\/v2\/product"}],"about":[{"href":"https:\/\/fittingsgo.com\/fr\/wp-json\/wp\/v2\/types\/product"}],"replies":[{"embeddable":true,"href":"https:\/\/fittingsgo.com\/fr\/wp-json\/wp\/v2\/comments?post=4011"}],"wp:featuredmedia":[{"embeddable":true,"href":"https:\/\/fittingsgo.com\/fr\/wp-json\/wp\/v2\/media\/3048"}],"wp:attachment":[{"href":"https:\/\/fittingsgo.com\/fr\/wp-json\/wp\/v2\/media?parent=4011"}],"wp:term":[{"taxonomy":"product_brand","embeddable":true,"href":"https:\/\/fittingsgo.com\/fr\/wp-json\/wp\/v2\/product_brand?post=4011"},{"taxonomy":"product_cat","embeddable":true,"href":"https:\/\/fittingsgo.com\/fr\/wp-json\/wp\/v2\/product_cat?post=4011"},{"taxonomy":"product_tag","embeddable":true,"href":"https:\/\/fittingsgo.com\/fr\/wp-json\/wp\/v2\/product_tag?post=4011"}],"curies":[{"name":"wp","href":"https:\/\/api.w.org\/{rel}","templated":true}]}}