{"id":4005,"date":"2019-01-24T22:06:20","date_gmt":"2019-01-25T03:06:20","guid":{"rendered":"https:\/\/fittingsgo.com\/product\/bornes-de-batterie-marine-en-alliage-de-plomb\/"},"modified":"2019-06-21T20:45:19","modified_gmt":"2019-06-22T01:45:19","slug":"bornes-de-batterie-marine-en-alliage-de-plomb","status":"publish","type":"product","link":"https:\/\/fittingsgo.com\/fr\/produit\/bornes-de-batterie-marine-en-alliage-de-plomb\/","title":{"rendered":"Bornes de batterie marine en alliage de plomb"},"content":{"rendered":"<p>Pico: 898PR<\/p>\n<div id=\"themify_builder_content-4005\" data-postid=\"4005\" class=\"themify_builder_content themify_builder_content-4005 themify_builder\">\n    <\/div>\n<!-- \/themify_builder_content -->\n","protected":false},"excerpt":{"rendered":"<p>Type \u00e0 pince \u00e9crou \u00e0 oreilles en laiton plaqu\u00e9. Le terminal convertit une batterie de poste standard en applications marines ou autres.<br \/>\nVendu en paire<br \/>\nFabriqu\u00e9 par Pico<\/p>\n","protected":false},"featured_media":3028,"comment_status":"open","ping_status":"closed","template":"","meta":[],"product_brand":[],"product_cat":[265],"product_tag":[177],"class_list":{"0":"post-4005","1":"product","2":"type-product","3":"status-publish","4":"has-post-thumbnail","6":"product_cat-terminaux","7":"product_tag-pieces-dautos","8":"has-post-title","9":"has-post-date","10":"has-post-category","11":"has-post-tag","12":"has-post-comment","13":"has-post-author","14":"","15":"fullcover","17":"first","18":"instock","19":"taxable","20":"shipping-taxable","21":"purchasable","22":"product-type-simple"},"jetpack_sharing_enabled":true,"builder_content":"","_links":{"self":[{"href":"https:\/\/fittingsgo.com\/fr\/wp-json\/wp\/v2\/product\/4005","targetHints":{"allow":["GET"]}}],"collection":[{"href":"https:\/\/fittingsgo.com\/fr\/wp-json\/wp\/v2\/product"}],"about":[{"href":"https:\/\/fittingsgo.com\/fr\/wp-json\/wp\/v2\/types\/product"}],"replies":[{"embeddable":true,"href":"https:\/\/fittingsgo.com\/fr\/wp-json\/wp\/v2\/comments?post=4005"}],"wp:featuredmedia":[{"embeddable":true,"href":"https:\/\/fittingsgo.com\/fr\/wp-json\/wp\/v2\/media\/3028"}],"wp:attachment":[{"href":"https:\/\/fittingsgo.com\/fr\/wp-json\/wp\/v2\/media?parent=4005"}],"wp:term":[{"taxonomy":"product_brand","embeddable":true,"href":"https:\/\/fittingsgo.com\/fr\/wp-json\/wp\/v2\/product_brand?post=4005"},{"taxonomy":"product_cat","embeddable":true,"href":"https:\/\/fittingsgo.com\/fr\/wp-json\/wp\/v2\/product_cat?post=4005"},{"taxonomy":"product_tag","embeddable":true,"href":"https:\/\/fittingsgo.com\/fr\/wp-json\/wp\/v2\/product_tag?post=4005"}],"curies":[{"name":"wp","href":"https:\/\/api.w.org\/{rel}","templated":true}]}}