{"id":3983,"date":"2019-01-27T17:40:07","date_gmt":"2019-01-27T22:40:07","guid":{"rendered":"https:\/\/fittingsgo.com\/product\/relais-scelle-5-terminals-avec-couette\/"},"modified":"2019-08-18T20:45:55","modified_gmt":"2019-08-19T01:45:55","slug":"relais-scelle-5-terminals-avec-couette","status":"publish","type":"product","link":"https:\/\/fittingsgo.com\/fr\/produit\/relais-scelle-5-terminals-avec-couette\/","title":{"rendered":"Relais scell\u00e9 5 terminals avec couette"},"content":{"rendered":"<p>Pico: 928-91, 92891, 930-91, 93091<\/p>\n<div id=\"themify_builder_content-3983\" data-postid=\"3983\" class=\"themify_builder_content themify_builder_content-3983 themify_builder\">\n    <\/div>\n<!-- \/themify_builder_content -->\n","protected":false},"excerpt":{"rendered":"<p>Packet Combo Relais Et Pigtail Scell\u00e9s<br \/>\nScell\u00e9 contre l&#8217;humidit\u00e9, la salet\u00e9 et la poussi\u00e8re. Le relais comprend une r\u00e9sistance pour la protection contre les pointes de tension et fonctionne normalement ou normalement ouvert.<br \/>\n40 \/ 30A 12V DC<br \/>\n30 \/ 20A 24V DC<br \/>\nFabriqu\u00e9 par Pico<\/p>\n","protected":false},"featured_media":3049,"comment_status":"open","ping_status":"closed","template":"","meta":[],"product_brand":[],"product_cat":[263],"product_tag":[177],"class_list":{"0":"post-3983","1":"product","2":"type-product","3":"status-publish","4":"has-post-thumbnail","6":"product_cat-relais","7":"product_tag-pieces-dautos","8":"has-post-title","9":"has-post-date","10":"has-post-category","11":"has-post-tag","12":"has-post-comment","13":"has-post-author","14":"","15":"fullcover","17":"first","18":"instock","19":"taxable","20":"shipping-taxable","21":"purchasable","22":"product-type-variable"},"jetpack_sharing_enabled":true,"builder_content":"","_links":{"self":[{"href":"https:\/\/fittingsgo.com\/fr\/wp-json\/wp\/v2\/product\/3983","targetHints":{"allow":["GET"]}}],"collection":[{"href":"https:\/\/fittingsgo.com\/fr\/wp-json\/wp\/v2\/product"}],"about":[{"href":"https:\/\/fittingsgo.com\/fr\/wp-json\/wp\/v2\/types\/product"}],"replies":[{"embeddable":true,"href":"https:\/\/fittingsgo.com\/fr\/wp-json\/wp\/v2\/comments?post=3983"}],"wp:featuredmedia":[{"embeddable":true,"href":"https:\/\/fittingsgo.com\/fr\/wp-json\/wp\/v2\/media\/3049"}],"wp:attachment":[{"href":"https:\/\/fittingsgo.com\/fr\/wp-json\/wp\/v2\/media?parent=3983"}],"wp:term":[{"taxonomy":"product_brand","embeddable":true,"href":"https:\/\/fittingsgo.com\/fr\/wp-json\/wp\/v2\/product_brand?post=3983"},{"taxonomy":"product_cat","embeddable":true,"href":"https:\/\/fittingsgo.com\/fr\/wp-json\/wp\/v2\/product_cat?post=3983"},{"taxonomy":"product_tag","embeddable":true,"href":"https:\/\/fittingsgo.com\/fr\/wp-json\/wp\/v2\/product_tag?post=3983"}],"curies":[{"name":"wp","href":"https:\/\/api.w.org\/{rel}","templated":true}]}}