{"id":3973,"date":"2019-01-31T22:21:26","date_gmt":"2019-02-01T03:21:26","guid":{"rendered":"https:\/\/fittingsgo.com\/product\/interrupteur-dallumage-avec-cle\/"},"modified":"2019-06-21T20:40:22","modified_gmt":"2019-06-22T01:40:22","slug":"interrupteur-dallumage-avec-cle","status":"publish","type":"product","link":"https:\/\/fittingsgo.com\/fr\/produit\/interrupteur-dallumage-avec-cle\/","title":{"rendered":"Interrupteur d&#8217;allumage avec cl\u00e9"},"content":{"rendered":"<div id=\"themify_builder_content-3973\" data-postid=\"3973\" class=\"themify_builder_content themify_builder_content-3973 themify_builder\">\n    <\/div>\n<!-- \/themify_builder_content -->\n","protected":false},"excerpt":{"rendered":"<p>Interrupteur d&#8217;allumage 30A avec cl\u00e9<br \/>\nTrou de montage: 3\/4 po<br \/>\nPositions: acc\u00e8s, arr\u00eat, allumage, d\u00e9marrage<br \/>\nFabriqu\u00e9 par Pico<\/p>\n","protected":false},"featured_media":3059,"comment_status":"open","ping_status":"closed","template":"","meta":[],"product_brand":[],"product_cat":[262],"product_tag":[177],"class_list":{"0":"post-3973","1":"product","2":"type-product","3":"status-publish","4":"has-post-thumbnail","6":"product_cat-interrupteurs","7":"product_tag-pieces-dautos","8":"has-post-title","9":"has-post-date","10":"has-post-category","11":"has-post-tag","12":"has-post-comment","13":"has-post-author","14":"","15":"fullcover","17":"first","18":"instock","19":"taxable","20":"shipping-taxable","21":"purchasable","22":"product-type-simple"},"jetpack_sharing_enabled":true,"builder_content":"","_links":{"self":[{"href":"https:\/\/fittingsgo.com\/fr\/wp-json\/wp\/v2\/product\/3973","targetHints":{"allow":["GET"]}}],"collection":[{"href":"https:\/\/fittingsgo.com\/fr\/wp-json\/wp\/v2\/product"}],"about":[{"href":"https:\/\/fittingsgo.com\/fr\/wp-json\/wp\/v2\/types\/product"}],"replies":[{"embeddable":true,"href":"https:\/\/fittingsgo.com\/fr\/wp-json\/wp\/v2\/comments?post=3973"}],"wp:featuredmedia":[{"embeddable":true,"href":"https:\/\/fittingsgo.com\/fr\/wp-json\/wp\/v2\/media\/3059"}],"wp:attachment":[{"href":"https:\/\/fittingsgo.com\/fr\/wp-json\/wp\/v2\/media?parent=3973"}],"wp:term":[{"taxonomy":"product_brand","embeddable":true,"href":"https:\/\/fittingsgo.com\/fr\/wp-json\/wp\/v2\/product_brand?post=3973"},{"taxonomy":"product_cat","embeddable":true,"href":"https:\/\/fittingsgo.com\/fr\/wp-json\/wp\/v2\/product_cat?post=3973"},{"taxonomy":"product_tag","embeddable":true,"href":"https:\/\/fittingsgo.com\/fr\/wp-json\/wp\/v2\/product_tag?post=3973"}],"curies":[{"name":"wp","href":"https:\/\/api.w.org\/{rel}","templated":true}]}}