{"id":3969,"date":"2019-01-31T22:33:40","date_gmt":"2019-02-01T03:33:40","guid":{"rendered":"https:\/\/fittingsgo.com\/product\/interrupteur-de-solenoide-12v-ou-24v\/"},"modified":"2019-11-04T20:42:09","modified_gmt":"2019-11-05T01:42:09","slug":"interrupteur-de-solenoide-4-poteaux-12v-ou-24v","status":"publish","type":"product","link":"https:\/\/fittingsgo.com\/fr\/produit\/interrupteur-de-solenoide-4-poteaux-12v-ou-24v\/","title":{"rendered":"Interrupteur de sol\u00e9no\u00efde 4 poteaux | 12V ou 24V"},"content":{"rendered":"<p>Pico: 949711, 9497-11, 949811, 9498-11, SS-588, SS588, SS-588T, SS588T<\/p>\n<div id=\"themify_builder_content-3969\" data-postid=\"3969\" class=\"themify_builder_content themify_builder_content-3969 themify_builder\">\n    <\/div>\n<!-- \/themify_builder_content -->\n","protected":false},"excerpt":{"rendered":"<p>Interrupteur de service continu sol\u00e9no\u00efde 12V &amp; 24V.<br \/>\nLes sol\u00e9no\u00efdes sont des relais qui sont couramment utilis\u00e9s pour commuter \u00e0 distance un courant plus lourd. En utilisant un sol\u00e9no\u00efde, la quantit\u00e9 de c\u00e2blage lourd n\u00e9cessaire pour alimenter la charge est r\u00e9duite, car le circuit de commande mont\u00e9 \u00e0 l&#8217;int\u00e9rieur de la cabine utilise g\u00e9n\u00e9ralement un calibre de fil plus petit.<br \/>\nNoix hexagonales et lave-\u00e9cluses inclus.<\/p>\n<p>85A<br \/>\nFabriqu\u00e9 par Pico<\/p>\n","protected":false},"featured_media":3061,"comment_status":"open","ping_status":"closed","template":"","meta":[],"product_brand":[],"product_cat":[345],"product_tag":[177],"class_list":{"0":"post-3969","1":"product","2":"type-product","3":"status-publish","4":"has-post-thumbnail","6":"product_cat-solenoides","7":"product_tag-pieces-dautos","8":"has-post-title","9":"has-post-date","10":"has-post-category","11":"has-post-tag","12":"has-post-comment","13":"has-post-author","14":"","15":"fullcover","17":"first","18":"instock","19":"taxable","20":"shipping-taxable","21":"purchasable","22":"product-type-variable"},"jetpack_sharing_enabled":true,"builder_content":"","_links":{"self":[{"href":"https:\/\/fittingsgo.com\/fr\/wp-json\/wp\/v2\/product\/3969","targetHints":{"allow":["GET"]}}],"collection":[{"href":"https:\/\/fittingsgo.com\/fr\/wp-json\/wp\/v2\/product"}],"about":[{"href":"https:\/\/fittingsgo.com\/fr\/wp-json\/wp\/v2\/types\/product"}],"replies":[{"embeddable":true,"href":"https:\/\/fittingsgo.com\/fr\/wp-json\/wp\/v2\/comments?post=3969"}],"wp:featuredmedia":[{"embeddable":true,"href":"https:\/\/fittingsgo.com\/fr\/wp-json\/wp\/v2\/media\/3061"}],"wp:attachment":[{"href":"https:\/\/fittingsgo.com\/fr\/wp-json\/wp\/v2\/media?parent=3969"}],"wp:term":[{"taxonomy":"product_brand","embeddable":true,"href":"https:\/\/fittingsgo.com\/fr\/wp-json\/wp\/v2\/product_brand?post=3969"},{"taxonomy":"product_cat","embeddable":true,"href":"https:\/\/fittingsgo.com\/fr\/wp-json\/wp\/v2\/product_cat?post=3969"},{"taxonomy":"product_tag","embeddable":true,"href":"https:\/\/fittingsgo.com\/fr\/wp-json\/wp\/v2\/product_tag?post=3969"}],"curies":[{"name":"wp","href":"https:\/\/api.w.org\/{rel}","templated":true}]}}