{"id":3963,"date":"2019-01-31T22:52:54","date_gmt":"2019-02-01T03:52:54","guid":{"rendered":"https:\/\/fittingsgo.com\/product\/cables-de-batterie-6-ga-rouge\/"},"modified":"2020-01-02T20:20:39","modified_gmt":"2020-01-03T01:20:39","slug":"cables-de-batterie-4-ga-rouge","status":"publish","type":"product","link":"https:\/\/fittingsgo.com\/fr\/produit\/cables-de-batterie-4-ga-rouge\/","title":{"rendered":"C\u00e2ble de batterie 4 GA &#8211; rouge"},"content":{"rendered":"<p>Pico: 6237-5-BP, 6238-5-BP, 6239-5-BP, 6240-5-BP, 6241-5-BP, 6243-5-11, 62375BP, 62385BP, 62395BP, 62405BP, 62415BP, 6243511<\/p>\n<div id=\"themify_builder_content-3963\" data-postid=\"3963\" class=\"themify_builder_content themify_builder_content-3963 themify_builder\">\n    <\/div>\n<!-- \/themify_builder_content -->\n","protected":false},"excerpt":{"rendered":"<p>Commutateur de caliber 4 au d\u00e9marreur &#8211; c\u00e2bles de batterie<br \/>\nFabriqu\u00e9 \u00e0 100% en cuivre avec bornes universelles en plomb antimoni\u00e9 coul\u00e9es par gravit\u00e9 Le noyau de cuivre toronn\u00e9 de calibre complet est flexible pour une installation facile et permet un courant maximum pour un d\u00e9marrage rapide. Le noyau de cuivre s&#8217;\u00e9tend jusqu&#8217;\u00e0 l&#8217;extr\u00e9mit\u00e9 de la patte plaqu\u00e9e pour donner une connexion solide en une seule pi\u00e8ce. Le fil est conforme aux normes SAE.<br \/>\nFabriqu\u00e9 par Pico<\/p>\n","protected":false},"featured_media":3062,"comment_status":"open","ping_status":"closed","template":"","meta":[],"product_brand":[],"product_cat":[261],"product_tag":[177],"class_list":{"0":"post-3963","1":"product","2":"type-product","3":"status-publish","4":"has-post-thumbnail","6":"product_cat-cables-fr","7":"product_tag-pieces-dautos","8":"has-post-title","9":"has-post-date","10":"has-post-category","11":"has-post-tag","12":"has-post-comment","13":"has-post-author","14":"","15":"fullcover","17":"first","18":"instock","19":"taxable","20":"shipping-taxable","21":"purchasable","22":"product-type-variable"},"jetpack_sharing_enabled":true,"builder_content":"","_links":{"self":[{"href":"https:\/\/fittingsgo.com\/fr\/wp-json\/wp\/v2\/product\/3963","targetHints":{"allow":["GET"]}}],"collection":[{"href":"https:\/\/fittingsgo.com\/fr\/wp-json\/wp\/v2\/product"}],"about":[{"href":"https:\/\/fittingsgo.com\/fr\/wp-json\/wp\/v2\/types\/product"}],"replies":[{"embeddable":true,"href":"https:\/\/fittingsgo.com\/fr\/wp-json\/wp\/v2\/comments?post=3963"}],"wp:featuredmedia":[{"embeddable":true,"href":"https:\/\/fittingsgo.com\/fr\/wp-json\/wp\/v2\/media\/3062"}],"wp:attachment":[{"href":"https:\/\/fittingsgo.com\/fr\/wp-json\/wp\/v2\/media?parent=3963"}],"wp:term":[{"taxonomy":"product_brand","embeddable":true,"href":"https:\/\/fittingsgo.com\/fr\/wp-json\/wp\/v2\/product_brand?post=3963"},{"taxonomy":"product_cat","embeddable":true,"href":"https:\/\/fittingsgo.com\/fr\/wp-json\/wp\/v2\/product_cat?post=3963"},{"taxonomy":"product_tag","embeddable":true,"href":"https:\/\/fittingsgo.com\/fr\/wp-json\/wp\/v2\/product_tag?post=3963"}],"curies":[{"name":"wp","href":"https:\/\/api.w.org\/{rel}","templated":true}]}}