{"id":3946,"date":"2019-02-04T21:48:48","date_gmt":"2019-02-05T02:48:48","guid":{"rendered":"https:\/\/fittingsgo.com\/product\/filtre-a-air-conique-lavable-et-reutilisable\/"},"modified":"2020-05-07T13:53:06","modified_gmt":"2020-05-07T18:53:06","slug":"filtre-a-air-conique-lavable-et-reutilisable","status":"publish","type":"product","link":"https:\/\/fittingsgo.com\/fr\/produit\/filtre-a-air-conique-lavable-et-reutilisable\/","title":{"rendered":"Filtre \u00e0 air conique lavable et r\u00e9utilisable"},"content":{"rendered":"<p>Vibrant: 10920, 10921, 10922, 10923, 10924, 10925, 10926<\/p>\n<div id=\"themify_builder_content-3946\" data-postid=\"3946\" class=\"themify_builder_content themify_builder_content-3946 themify_builder\">\n    <\/div>\n<!-- \/themify_builder_content -->\n","protected":false},"excerpt":{"rendered":"<p>Filtre r\u00e9utilisable \u00e0 air conique.<br \/>\n\u00c9l\u00e9ment en gaze de coton pliss\u00e9 \u00e0 4 \u00e9paisseurs permettant un flux d\u2019air nettement sup\u00e9rieur \u00e0 celui d\u2019un filtre ordinaire tout en assurant une excellente filtration des particules en suspension dans l\u2019air. Chaque unit\u00e9 est pr\u00e9-huil\u00e9e, lavable et r\u00e9utilisable. Pour un r\u00e9sultat optimal, nous recommandons de nettoyer l&#8217;\u00e9l\u00e9ment filtrant tous les 10 000 \u00e0 15 000 milles (un nettoyage plus fr\u00e9quent peut \u00eatre n\u00e9cessaire en fonction des conditions).<br \/>\nFabriqu\u00e9 aux \u00c9tats-Unis.<br \/>\nFabriqu\u00e9 par Vibrant<\/p>\n","protected":false},"featured_media":3064,"comment_status":"open","ping_status":"closed","template":"","meta":[],"product_brand":[],"product_cat":[635],"product_tag":[177],"class_list":{"0":"post-3946","1":"product","2":"type-product","3":"status-publish","4":"has-post-thumbnail","6":"product_cat-filtres-a-air-coupleurs-et-tuyau-a-vacuum","7":"product_tag-pieces-dautos","8":"has-post-title","9":"has-post-date","10":"has-post-category","11":"has-post-tag","12":"has-post-comment","13":"has-post-author","14":"","15":"fullcover","17":"first","18":"instock","19":"taxable","20":"shipping-taxable","21":"purchasable","22":"product-type-variable"},"jetpack_sharing_enabled":true,"builder_content":"","_links":{"self":[{"href":"https:\/\/fittingsgo.com\/fr\/wp-json\/wp\/v2\/product\/3946","targetHints":{"allow":["GET"]}}],"collection":[{"href":"https:\/\/fittingsgo.com\/fr\/wp-json\/wp\/v2\/product"}],"about":[{"href":"https:\/\/fittingsgo.com\/fr\/wp-json\/wp\/v2\/types\/product"}],"replies":[{"embeddable":true,"href":"https:\/\/fittingsgo.com\/fr\/wp-json\/wp\/v2\/comments?post=3946"}],"wp:featuredmedia":[{"embeddable":true,"href":"https:\/\/fittingsgo.com\/fr\/wp-json\/wp\/v2\/media\/3064"}],"wp:attachment":[{"href":"https:\/\/fittingsgo.com\/fr\/wp-json\/wp\/v2\/media?parent=3946"}],"wp:term":[{"taxonomy":"product_brand","embeddable":true,"href":"https:\/\/fittingsgo.com\/fr\/wp-json\/wp\/v2\/product_brand?post=3946"},{"taxonomy":"product_cat","embeddable":true,"href":"https:\/\/fittingsgo.com\/fr\/wp-json\/wp\/v2\/product_cat?post=3946"},{"taxonomy":"product_tag","embeddable":true,"href":"https:\/\/fittingsgo.com\/fr\/wp-json\/wp\/v2\/product_tag?post=3946"}],"curies":[{"name":"wp","href":"https:\/\/api.w.org\/{rel}","templated":true}]}}