{"id":3935,"date":"2019-02-04T23:37:53","date_gmt":"2019-02-05T04:37:53","guid":{"rendered":"https:\/\/fittingsgo.com\/product\/tuyau-de-refroidissement-huile-de-transmission\/"},"modified":"2020-05-04T20:32:26","modified_gmt":"2020-05-05T01:32:26","slug":"tuyau-de-refroidissement-huile-de-transmission","status":"publish","type":"product","link":"https:\/\/fittingsgo.com\/fr\/produit\/tuyau-de-refroidissement-huile-de-transmission\/","title":{"rendered":"Tuyau de refroidissement d&#8217;huile de transmission"},"content":{"rendered":"<p>Gates: 27058, 27059, 27066, 27056, 27057, 27065<\/p>\n<div id=\"themify_builder_content-3935\" data-postid=\"3935\" class=\"themify_builder_content themify_builder_content-3935 themify_builder\">\n    <\/div>\n<!-- \/themify_builder_content -->\n","protected":false},"excerpt":{"rendered":"<p>Tuyau de refroidissement d&#8217;huile de transmission.<br \/>\nFournit une ligne de connexion s\u00fbre, r\u00e9sistante \u00e0 la chaleur et \u00e0 l&#8217;huile entre le refroidisseur d&#8217;huile et la transmission.<br \/>\nUn renfort de tresse en fibres recouvrant un tube en caoutchouc nitrile r\u00e9sistant \u00e0 l&#8217;huile.<br \/>\nSatisfait ou d\u00e9passe les exigences de la norme SAE J1019.<br \/>\nDisponible en rouleau de 3 ou 25 pieds<br \/>\nFabriqu\u00e9 par Gates<\/p>\n","protected":false},"featured_media":3144,"comment_status":"open","ping_status":"closed","template":"","meta":[],"product_brand":[],"product_cat":[631],"product_tag":[189,177],"class_list":{"0":"post-3935","1":"product","2":"type-product","3":"status-publish","4":"has-post-thumbnail","6":"product_cat-tuyaux-dantigel-et-dhuile","7":"product_tag-fournitures-datelier","8":"product_tag-pieces-dautos","9":"has-post-title","10":"has-post-date","11":"has-post-category","12":"has-post-tag","13":"has-post-comment","14":"has-post-author","15":"","16":"fullcover","18":"first","19":"instock","20":"taxable","21":"shipping-taxable","22":"purchasable","23":"product-type-variable"},"jetpack_sharing_enabled":true,"builder_content":"","_links":{"self":[{"href":"https:\/\/fittingsgo.com\/fr\/wp-json\/wp\/v2\/product\/3935","targetHints":{"allow":["GET"]}}],"collection":[{"href":"https:\/\/fittingsgo.com\/fr\/wp-json\/wp\/v2\/product"}],"about":[{"href":"https:\/\/fittingsgo.com\/fr\/wp-json\/wp\/v2\/types\/product"}],"replies":[{"embeddable":true,"href":"https:\/\/fittingsgo.com\/fr\/wp-json\/wp\/v2\/comments?post=3935"}],"wp:featuredmedia":[{"embeddable":true,"href":"https:\/\/fittingsgo.com\/fr\/wp-json\/wp\/v2\/media\/3144"}],"wp:attachment":[{"href":"https:\/\/fittingsgo.com\/fr\/wp-json\/wp\/v2\/media?parent=3935"}],"wp:term":[{"taxonomy":"product_brand","embeddable":true,"href":"https:\/\/fittingsgo.com\/fr\/wp-json\/wp\/v2\/product_brand?post=3935"},{"taxonomy":"product_cat","embeddable":true,"href":"https:\/\/fittingsgo.com\/fr\/wp-json\/wp\/v2\/product_cat?post=3935"},{"taxonomy":"product_tag","embeddable":true,"href":"https:\/\/fittingsgo.com\/fr\/wp-json\/wp\/v2\/product_tag?post=3935"}],"curies":[{"name":"wp","href":"https:\/\/api.w.org\/{rel}","templated":true}]}}