{"id":3794,"date":"2019-02-15T21:35:25","date_gmt":"2019-02-16T02:35:25","guid":{"rendered":"https:\/\/fittingsgo.com\/product\/tuyau-antigel-gates-vulco-flex-et-ii\/"},"modified":"2025-11-03T12:46:23","modified_gmt":"2025-11-03T17:46:23","slug":"tuyau-antigel-gates-vulco-flex-et-ii","status":"publish","type":"product","link":"https:\/\/fittingsgo.com\/fr\/produit\/tuyau-antigel-gates-vulco-flex-et-ii\/","title":{"rendered":"Tuyau d&#8217;antigel Gates Vulco-Flex (et II)"},"content":{"rendered":"<p>Interchange: 25150, 25152, 25154, 25157, 25180, 25249, 25250, 25251, 25252, 25253, 25254, 25255, 25257, 25260, 25262, 25265, 25269, 25284, 25300, 25302, 25305, 25307, 25309, 25311, 25321, 25384, 25409, 25428, 25472, 25473, 25474, 25476, 25477, 25478, 25480, 25482, 25484, 25487, 25490, 25499, 25526, 25527, 25528, 25530, 25532, 25535, 25582, 26501, 26502, 26503, 26504, 26505, 26506, 26507, 26508, 26509, 26510, 26511, 26512,26513, 26514, 26515, 26523, 26524, 26525, 26526, 26527, 26528, 26529, 26516, 26517, 26518, 26519, 26520, 26521,26522, 26530, 26531, 26532, 26533, 26534, 26535, 26536, 26537, 26538, 26601, 26602, 26603, 26611<br \/>\n26612<\/p>\n<div id=\"themify_builder_content-3794\" data-postid=\"3794\" class=\"themify_builder_content themify_builder_content-3794 themify_builder\">\n    <\/div>\n<!-- \/themify_builder_content -->\n","protected":false},"excerpt":{"rendered":"<p>Le tuyau Gates Vulco-Flex pliera dans presque toutes les directions. Il reproduit facilement les angles et les plans d&#8217;une grande vari\u00e9t\u00e9 de tuyaux de liquide de refroidissement d&#8217;\u00e9quipement d&#8217;origine co\u00fbteux, pour un remplacement rapide et facile.<br \/>\nCon\u00e7u pour les performances SAE 20R5 classe D-2.<br \/>\nHaute temp\u00e9rature jusqu&#8217;\u00e0 +257 \u00b0 F (+ 125 \u00b0 C).<br \/>\nFabriqu\u00e9 par Gates<\/p>\n","protected":false},"featured_media":3139,"comment_status":"open","ping_status":"closed","template":"","meta":[],"product_brand":[],"product_cat":[631],"product_tag":[177],"class_list":{"0":"post-3794","1":"product","2":"type-product","3":"status-publish","4":"has-post-thumbnail","6":"product_cat-tuyaux-dantigel-et-dhuile","7":"product_tag-pieces-dautos","8":"has-post-title","9":"has-post-date","10":"has-post-category","11":"has-post-tag","12":"has-post-comment","13":"has-post-author","14":"","15":"fullcover","17":"first","18":"instock","19":"taxable","20":"shipping-taxable","21":"purchasable","22":"product-type-variable"},"jetpack_sharing_enabled":true,"builder_content":"","_links":{"self":[{"href":"https:\/\/fittingsgo.com\/fr\/wp-json\/wp\/v2\/product\/3794","targetHints":{"allow":["GET"]}}],"collection":[{"href":"https:\/\/fittingsgo.com\/fr\/wp-json\/wp\/v2\/product"}],"about":[{"href":"https:\/\/fittingsgo.com\/fr\/wp-json\/wp\/v2\/types\/product"}],"replies":[{"embeddable":true,"href":"https:\/\/fittingsgo.com\/fr\/wp-json\/wp\/v2\/comments?post=3794"}],"wp:featuredmedia":[{"embeddable":true,"href":"https:\/\/fittingsgo.com\/fr\/wp-json\/wp\/v2\/media\/3139"}],"wp:attachment":[{"href":"https:\/\/fittingsgo.com\/fr\/wp-json\/wp\/v2\/media?parent=3794"}],"wp:term":[{"taxonomy":"product_brand","embeddable":true,"href":"https:\/\/fittingsgo.com\/fr\/wp-json\/wp\/v2\/product_brand?post=3794"},{"taxonomy":"product_cat","embeddable":true,"href":"https:\/\/fittingsgo.com\/fr\/wp-json\/wp\/v2\/product_cat?post=3794"},{"taxonomy":"product_tag","embeddable":true,"href":"https:\/\/fittingsgo.com\/fr\/wp-json\/wp\/v2\/product_tag?post=3794"}],"curies":[{"name":"wp","href":"https:\/\/api.w.org\/{rel}","templated":true}]}}