{"id":3787,"date":"2019-02-16T10:21:48","date_gmt":"2019-02-16T15:21:48","guid":{"rendered":"https:\/\/fittingsgo.com\/product\/tuyau-de-remplissage-de-carburant\/"},"modified":"2024-05-23T18:19:11","modified_gmt":"2024-05-23T23:19:11","slug":"tuyau-de-remplissage-de-carburant","status":"publish","type":"product","link":"https:\/\/fittingsgo.com\/fr\/produit\/tuyau-de-remplissage-de-carburant\/","title":{"rendered":"Tuyau de remplissage de carburant"},"content":{"rendered":"<p>23963, 23924, 23930, 23932, 23936, 23940<br \/>\nConvient pour une utilisation avec de l&#8217;essence, des m\u00e9langes essence-alcool d&#8217;\u00e9thanol, m\u00e9thanol, \u00e9thers, diesel et biodiesel jusqu&#8217;au B20 (dans la limite des concentrations maximales autoris\u00e9es par l&#8217;EPA).<br \/>\n\u2022 Couverture ondul\u00e9e avec renforcement en fil h\u00e9lico\u00efdal.<br \/>\n\u2022 Comprend un tube en nitrile de haute qualit\u00e9.<br \/>\n\u2022 Conforme aux exigences de la norme SAE 30R5.<br \/>\n\u2022 Coupe facilement avec un couteau et un coupe-fil.<br \/>\n\u2022 Temp\u00e9rature nominale: \u201340 \u00b0 C \u00e0 + 100 \u00b0 C (avec des m\u00e9langes d\u2019essence), \u201340 \u00b0 C \u00e0 + 51 \u00b0 C avec du biodiesel (B20).<\/p>\n<div id=\"themify_builder_content-3787\" data-postid=\"3787\" class=\"themify_builder_content themify_builder_content-3787 themify_builder\">\n    <\/div>\n<!-- \/themify_builder_content -->\n","protected":false},"excerpt":{"rendered":"<p>Tuyau de remplissage de carburant.<br \/>\nCon\u00e7u pour transf\u00e9rer le carburant du goulot de remplissage du v\u00e9hicule au r\u00e9servoir de carburant. Fonctionne sur les voitures de tourisme et les camions l\u00e9gers, ainsi que sur les r\u00e9servoirs de carburant auxiliaires des v\u00e9hicules de loisirs. Pour utilisation avec la plupart des types de carburants &#8211; particuli\u00e8rement r\u00e9sistant \u00e0 l&#8217;essence et au diesel.<br \/>\nLongueur: 3 pi<br \/>\nFabriqu\u00e9 par Gates<\/p>\n","protected":false},"featured_media":3142,"comment_status":"open","ping_status":"closed","template":"","meta":[],"product_brand":[],"product_cat":[245],"product_tag":[210,177],"class_list":{"0":"post-3787","1":"product","2":"type-product","3":"status-publish","4":"has-post-thumbnail","6":"product_cat-tuyaux-de-remplissage-de-carburant","7":"product_tag-carburant","8":"product_tag-pieces-dautos","9":"has-post-title","10":"has-post-date","11":"has-post-category","12":"has-post-tag","13":"has-post-comment","14":"has-post-author","15":"","16":"fullcover","18":"first","19":"instock","20":"taxable","21":"shipping-taxable","22":"purchasable","23":"product-type-variable"},"jetpack_sharing_enabled":true,"builder_content":"","_links":{"self":[{"href":"https:\/\/fittingsgo.com\/fr\/wp-json\/wp\/v2\/product\/3787","targetHints":{"allow":["GET"]}}],"collection":[{"href":"https:\/\/fittingsgo.com\/fr\/wp-json\/wp\/v2\/product"}],"about":[{"href":"https:\/\/fittingsgo.com\/fr\/wp-json\/wp\/v2\/types\/product"}],"replies":[{"embeddable":true,"href":"https:\/\/fittingsgo.com\/fr\/wp-json\/wp\/v2\/comments?post=3787"}],"wp:featuredmedia":[{"embeddable":true,"href":"https:\/\/fittingsgo.com\/fr\/wp-json\/wp\/v2\/media\/3142"}],"wp:attachment":[{"href":"https:\/\/fittingsgo.com\/fr\/wp-json\/wp\/v2\/media?parent=3787"}],"wp:term":[{"taxonomy":"product_brand","embeddable":true,"href":"https:\/\/fittingsgo.com\/fr\/wp-json\/wp\/v2\/product_brand?post=3787"},{"taxonomy":"product_cat","embeddable":true,"href":"https:\/\/fittingsgo.com\/fr\/wp-json\/wp\/v2\/product_cat?post=3787"},{"taxonomy":"product_tag","embeddable":true,"href":"https:\/\/fittingsgo.com\/fr\/wp-json\/wp\/v2\/product_tag?post=3787"}],"curies":[{"name":"wp","href":"https:\/\/api.w.org\/{rel}","templated":true}]}}