{"id":3759,"date":"2019-02-19T22:52:15","date_gmt":"2019-02-20T03:52:15","guid":{"rendered":"https:\/\/fittingsgo.com\/product\/collet-de-serrage-en-t-en-acier-inoxydable\/"},"modified":"2020-06-10T20:00:01","modified_gmt":"2020-06-11T01:00:01","slug":"collet-de-serrage-en-t-en-acier-inoxydable","status":"publish","type":"product","link":"https:\/\/fittingsgo.com\/fr\/produit\/collet-de-serrage-en-t-en-acier-inoxydable\/","title":{"rendered":"Collet de serrage en T en acier inoxydable"},"content":{"rendered":"<p>Interchange: 2787, 2789, 2790, 2791, 2792, 2793, 2794, 2795, 2796, 2797, 2798, 2799, 2803<\/p>\n<div id=\"themify_builder_content-3759\" data-postid=\"3759\" class=\"themify_builder_content themify_builder_content-3759 themify_builder\">\n    <\/div>\n<!-- \/themify_builder_content -->\n","protected":false},"excerpt":{"rendered":"<p>Les collets de serrage en T dynamiques fournissent des connexions fiables et \u00e9tanches pour les flexibles et les tubes. Ils offrent une r\u00e9sistance \u00e0 la traction et une durabilit\u00e9 sup\u00e9rieures \u00e0 celles des pinces \u00e0 vis sans fin. La construction compl\u00e8te en acier inoxydable s\u00e9rie 300 (y compris le boulon et le contre-\u00e9crou)<br \/>\noffre une r\u00e9sistance exceptionnelle \u00e0 la corrosion, ce qui en fait le parfait\u00a0choix pour les applications moyennes et lourdes.<br \/>\nParfaitement adapt\u00e9 aux applications \u00e0 forte acc\u00e9l\u00e9ration.<br \/>\n\u2022 Toujours utiliser des serre-joints en T lors du serrage des <a href=\"https:\/\/fittingsgo.com\/fr\/produit\/coupleur-de-silicone-de-3-pouces-vibrant\/\">raccords Vibrant\u00a0en silicone renforc\u00e9<\/a><br \/>\n\u2022 Bande en acier inoxydable de 3\/4 \u201d(19mm) de large<br \/>\n\u2022 Conception \u00abpont flottant\u00bb pour emp\u00eacher les tuyaux<br \/>\nflambage lorsque la pince est serr\u00e9e.<br \/>\n\u2022 Vendu en paires<\/p>\n","protected":false},"featured_media":3146,"comment_status":"open","ping_status":"closed","template":"","meta":[],"product_brand":[],"product_cat":[268,635],"product_tag":[214,177,244],"class_list":{"0":"post-3759","1":"product","2":"type-product","3":"status-publish","4":"has-post-thumbnail","6":"product_cat-collets","7":"product_cat-filtres-a-air-coupleurs-et-tuyau-a-vacuum","8":"product_tag-filtre","9":"product_tag-pieces-dautos","10":"product_tag-turbo-fr","11":"has-post-title","12":"has-post-date","13":"has-post-category","14":"has-post-tag","15":"has-post-comment","16":"has-post-author","17":"","18":"fullcover","20":"first","21":"instock","22":"taxable","23":"shipping-taxable","24":"purchasable","25":"product-type-variable"},"jetpack_sharing_enabled":true,"builder_content":"","_links":{"self":[{"href":"https:\/\/fittingsgo.com\/fr\/wp-json\/wp\/v2\/product\/3759","targetHints":{"allow":["GET"]}}],"collection":[{"href":"https:\/\/fittingsgo.com\/fr\/wp-json\/wp\/v2\/product"}],"about":[{"href":"https:\/\/fittingsgo.com\/fr\/wp-json\/wp\/v2\/types\/product"}],"replies":[{"embeddable":true,"href":"https:\/\/fittingsgo.com\/fr\/wp-json\/wp\/v2\/comments?post=3759"}],"wp:featuredmedia":[{"embeddable":true,"href":"https:\/\/fittingsgo.com\/fr\/wp-json\/wp\/v2\/media\/3146"}],"wp:attachment":[{"href":"https:\/\/fittingsgo.com\/fr\/wp-json\/wp\/v2\/media?parent=3759"}],"wp:term":[{"taxonomy":"product_brand","embeddable":true,"href":"https:\/\/fittingsgo.com\/fr\/wp-json\/wp\/v2\/product_brand?post=3759"},{"taxonomy":"product_cat","embeddable":true,"href":"https:\/\/fittingsgo.com\/fr\/wp-json\/wp\/v2\/product_cat?post=3759"},{"taxonomy":"product_tag","embeddable":true,"href":"https:\/\/fittingsgo.com\/fr\/wp-json\/wp\/v2\/product_tag?post=3759"}],"curies":[{"name":"wp","href":"https:\/\/api.w.org\/{rel}","templated":true}]}}