{"id":3750,"date":"2019-02-20T22:08:25","date_gmt":"2019-02-21T03:08:25","guid":{"rendered":"https:\/\/fittingsgo.com\/product\/retenue-disolation-de-capot-11130\/"},"modified":"2019-06-20T21:47:35","modified_gmt":"2019-06-21T02:47:35","slug":"retenue-disolation-de-capot-11130","status":"publish","type":"product","link":"https:\/\/fittingsgo.com\/fr\/produit\/retenue-disolation-de-capot-11130\/","title":{"rendered":"Retenue d&#8217;isolation de capot"},"content":{"rendered":"<p>Interchange: 11130, 3078511, 3977775<\/p>\n<div id=\"themify_builder_content-3750\" data-postid=\"3750\" class=\"themify_builder_content themify_builder_content-3750 themify_builder\">\n    <\/div>\n<!-- \/themify_builder_content -->\n","protected":false},"excerpt":{"rendered":"<p>Retenue d&#8217;isolation de capot GM 1964 +<br \/>\nType: T\u00eate Simple<br \/>\nLa couleur noire<br \/>\nDiam\u00e8tre inf\u00e9rieur de la t\u00eate: 2 &#8221;<br \/>\nDiam\u00e8tre sup\u00e9rieur de la t\u00eate: aucun<br \/>\nDiam\u00e8tre de la tige: 5\/16 &#8221;<br \/>\nLongueur de la tige: 3\/4 &#8221;<br \/>\nMat\u00e9riel: Nylon<br \/>\nPack de 4<\/p>\n","protected":false},"featured_media":3150,"comment_status":"open","ping_status":"closed","template":"","meta":[],"product_brand":[],"product_cat":[169],"product_tag":[177],"class_list":{"0":"post-3750","1":"product","2":"type-product","3":"status-publish","4":"has-post-thumbnail","6":"product_cat-diametre-de-tige-5-16-8mm","7":"product_tag-pieces-dautos","8":"has-post-title","9":"has-post-date","10":"has-post-category","11":"has-post-tag","12":"has-post-comment","13":"has-post-author","14":"","15":"fullcover","17":"first","18":"instock","19":"taxable","20":"shipping-taxable","21":"purchasable","22":"product-type-simple"},"jetpack_sharing_enabled":true,"builder_content":"","_links":{"self":[{"href":"https:\/\/fittingsgo.com\/fr\/wp-json\/wp\/v2\/product\/3750","targetHints":{"allow":["GET"]}}],"collection":[{"href":"https:\/\/fittingsgo.com\/fr\/wp-json\/wp\/v2\/product"}],"about":[{"href":"https:\/\/fittingsgo.com\/fr\/wp-json\/wp\/v2\/types\/product"}],"replies":[{"embeddable":true,"href":"https:\/\/fittingsgo.com\/fr\/wp-json\/wp\/v2\/comments?post=3750"}],"wp:featuredmedia":[{"embeddable":true,"href":"https:\/\/fittingsgo.com\/fr\/wp-json\/wp\/v2\/media\/3150"}],"wp:attachment":[{"href":"https:\/\/fittingsgo.com\/fr\/wp-json\/wp\/v2\/media?parent=3750"}],"wp:term":[{"taxonomy":"product_brand","embeddable":true,"href":"https:\/\/fittingsgo.com\/fr\/wp-json\/wp\/v2\/product_brand?post=3750"},{"taxonomy":"product_cat","embeddable":true,"href":"https:\/\/fittingsgo.com\/fr\/wp-json\/wp\/v2\/product_cat?post=3750"},{"taxonomy":"product_tag","embeddable":true,"href":"https:\/\/fittingsgo.com\/fr\/wp-json\/wp\/v2\/product_tag?post=3750"}],"curies":[{"name":"wp","href":"https:\/\/api.w.org\/{rel}","templated":true}]}}