{"id":3748,"date":"2019-02-20T22:21:00","date_gmt":"2019-02-21T03:21:00","guid":{"rendered":"https:\/\/fittingsgo.com\/product\/retenue-du-panneau-arriere-du-siege-11671\/"},"modified":"2019-06-20T21:46:24","modified_gmt":"2019-06-21T02:46:24","slug":"retenue-du-panneau-arriere-du-siege-11671","status":"publish","type":"product","link":"https:\/\/fittingsgo.com\/fr\/produit\/retenue-du-panneau-arriere-du-siege-11671\/","title":{"rendered":"Retenue du panneau arri\u00e8re du si\u00e8ge"},"content":{"rendered":"<p>Interchange: 11671, 387182-S<\/p>\n<div id=\"themify_builder_content-3748\" data-postid=\"3748\" class=\"themify_builder_content themify_builder_content-3748 themify_builder\">\n    <\/div>\n<!-- \/themify_builder_content -->\n","protected":false},"excerpt":{"rendered":"<p>Retenue de panneau arri\u00e8re de si\u00e8ge Ford 1977 +<br \/>\nType: double t\u00eate<br \/>\nLa couleur noire<br \/>\nDiam\u00e8tre inf\u00e9rieur de la t\u00eate: 5\/8 &#8221;<br \/>\nDiam\u00e8tre de la t\u00eate sup\u00e9rieure: 1\/2 &#8221;<br \/>\nDiam\u00e8tre de la tige: 11\/32 &#8221;<br \/>\nLongueur de la tige: 1-1 \/ 8 &#8221;<br \/>\nMat\u00e9riel: Nylon<br \/>\nLot de 3<\/p>\n","protected":false},"featured_media":3152,"comment_status":"open","ping_status":"closed","template":"","meta":[],"product_brand":[],"product_cat":[172],"product_tag":[177],"class_list":{"0":"post-3748","1":"product","2":"type-product","3":"status-publish","4":"has-post-thumbnail","6":"product_cat-diametre-de-tige-11-32-9mm","7":"product_tag-pieces-dautos","8":"has-post-title","9":"has-post-date","10":"has-post-category","11":"has-post-tag","12":"has-post-comment","13":"has-post-author","14":"","15":"fullcover","17":"first","18":"instock","19":"taxable","20":"shipping-taxable","21":"purchasable","22":"product-type-simple"},"jetpack_sharing_enabled":true,"builder_content":"","_links":{"self":[{"href":"https:\/\/fittingsgo.com\/fr\/wp-json\/wp\/v2\/product\/3748","targetHints":{"allow":["GET"]}}],"collection":[{"href":"https:\/\/fittingsgo.com\/fr\/wp-json\/wp\/v2\/product"}],"about":[{"href":"https:\/\/fittingsgo.com\/fr\/wp-json\/wp\/v2\/types\/product"}],"replies":[{"embeddable":true,"href":"https:\/\/fittingsgo.com\/fr\/wp-json\/wp\/v2\/comments?post=3748"}],"wp:featuredmedia":[{"embeddable":true,"href":"https:\/\/fittingsgo.com\/fr\/wp-json\/wp\/v2\/media\/3152"}],"wp:attachment":[{"href":"https:\/\/fittingsgo.com\/fr\/wp-json\/wp\/v2\/media?parent=3748"}],"wp:term":[{"taxonomy":"product_brand","embeddable":true,"href":"https:\/\/fittingsgo.com\/fr\/wp-json\/wp\/v2\/product_brand?post=3748"},{"taxonomy":"product_cat","embeddable":true,"href":"https:\/\/fittingsgo.com\/fr\/wp-json\/wp\/v2\/product_cat?post=3748"},{"taxonomy":"product_tag","embeddable":true,"href":"https:\/\/fittingsgo.com\/fr\/wp-json\/wp\/v2\/product_tag?post=3748"}],"curies":[{"name":"wp","href":"https:\/\/api.w.org\/{rel}","templated":true}]}}