{"id":3743,"date":"2019-02-21T22:18:58","date_gmt":"2019-02-22T03:18:58","guid":{"rendered":"https:\/\/fittingsgo.com\/product\/retenue-de-panneau-de-garniture-de-porte-12565\/"},"modified":"2019-06-20T21:44:25","modified_gmt":"2019-06-21T02:44:25","slug":"retenue-de-panneau-de-garniture-de-porte-12565","status":"publish","type":"product","link":"https:\/\/fittingsgo.com\/fr\/produit\/retenue-de-panneau-de-garniture-de-porte-12565\/","title":{"rendered":"Retenue de panneau de garniture de porte"},"content":{"rendered":"<p>Interchange: 12565, N801925-S<\/p>\n<div id=\"themify_builder_content-3743\" data-postid=\"3743\" class=\"themify_builder_content themify_builder_content-3743 themify_builder\">\n    <\/div>\n<!-- \/themify_builder_content -->\n","protected":false},"excerpt":{"rendered":"<p>Description: Retenue de panneau de garniture de porte<br \/>\nType: double t\u00eate<br \/>\nLa couleur noire<br \/>\nDiam\u00e8tre inf\u00e9rieur de la t\u00eate: 25\/32 &#8221;<br \/>\nDiam\u00e8tre de la t\u00eate sup\u00e9rieure: 1\/2 &#8221;<br \/>\nDiam\u00e8tre de la tige: 5\/16 &#8221;<br \/>\nLongueur de la tige: 5\/8 &#8221;<br \/>\nMat\u00e9riel: Nylon<br \/>\nLot de 3<\/p>\n","protected":false},"featured_media":3157,"comment_status":"open","ping_status":"closed","template":"","meta":[],"product_brand":[],"product_cat":[169],"product_tag":[177],"class_list":{"0":"post-3743","1":"product","2":"type-product","3":"status-publish","4":"has-post-thumbnail","6":"product_cat-diametre-de-tige-5-16-8mm","7":"product_tag-pieces-dautos","8":"has-post-title","9":"has-post-date","10":"has-post-category","11":"has-post-tag","12":"has-post-comment","13":"has-post-author","14":"","15":"fullcover","17":"first","18":"instock","19":"taxable","20":"shipping-taxable","21":"purchasable","22":"product-type-simple"},"jetpack_sharing_enabled":true,"builder_content":"","_links":{"self":[{"href":"https:\/\/fittingsgo.com\/fr\/wp-json\/wp\/v2\/product\/3743","targetHints":{"allow":["GET"]}}],"collection":[{"href":"https:\/\/fittingsgo.com\/fr\/wp-json\/wp\/v2\/product"}],"about":[{"href":"https:\/\/fittingsgo.com\/fr\/wp-json\/wp\/v2\/types\/product"}],"replies":[{"embeddable":true,"href":"https:\/\/fittingsgo.com\/fr\/wp-json\/wp\/v2\/comments?post=3743"}],"wp:featuredmedia":[{"embeddable":true,"href":"https:\/\/fittingsgo.com\/fr\/wp-json\/wp\/v2\/media\/3157"}],"wp:attachment":[{"href":"https:\/\/fittingsgo.com\/fr\/wp-json\/wp\/v2\/media?parent=3743"}],"wp:term":[{"taxonomy":"product_brand","embeddable":true,"href":"https:\/\/fittingsgo.com\/fr\/wp-json\/wp\/v2\/product_brand?post=3743"},{"taxonomy":"product_cat","embeddable":true,"href":"https:\/\/fittingsgo.com\/fr\/wp-json\/wp\/v2\/product_cat?post=3743"},{"taxonomy":"product_tag","embeddable":true,"href":"https:\/\/fittingsgo.com\/fr\/wp-json\/wp\/v2\/product_tag?post=3743"}],"curies":[{"name":"wp","href":"https:\/\/api.w.org\/{rel}","templated":true}]}}