{"id":3736,"date":"2019-02-24T19:15:25","date_gmt":"2019-02-25T00:15:25","guid":{"rendered":"https:\/\/fittingsgo.com\/product\/retenue-de-panneau-de-garniture-de-porte-12992\/"},"modified":"2019-06-20T21:40:59","modified_gmt":"2019-06-21T02:40:59","slug":"retenue-de-panneau-de-garniture-de-porte-12992","status":"publish","type":"product","link":"https:\/\/fittingsgo.com\/fr\/produit\/retenue-de-panneau-de-garniture-de-porte-12992\/","title":{"rendered":"Retenue de panneau de garniture de porte"},"content":{"rendered":"<p>Interchange: 10073833, 15600382, 20421800, 12992<\/p>\n<div id=\"themify_builder_content-3736\" data-postid=\"3736\" class=\"themify_builder_content themify_builder_content-3736 themify_builder\">\n    <\/div>\n<!-- \/themify_builder_content -->\n","protected":false},"excerpt":{"rendered":"<p>Retenue pour panneau de garniture de porte GM 1983 &#8211; Activ\u00e9<br \/>\nType: T\u00eate Triple<br \/>\nCouleur blanche<br \/>\nDiam\u00e8tre inf\u00e9rieur de la t\u00eate: 3\/4 x 7\/8 &#8221;<br \/>\nDiam\u00e8tre de la t\u00eate sup\u00e9rieure: 9\/32 x 19\/32 &#8221;<br \/>\nDiam\u00e8tre de la tige: 5\/16 &#8221;<br \/>\nLongueur de la tige: 3\/4 &#8221;<br \/>\nMat\u00e9riel: Nylon<br \/>\nLot de 5<\/p>\n","protected":false},"featured_media":3164,"comment_status":"open","ping_status":"closed","template":"","meta":[],"product_brand":[],"product_cat":[169],"product_tag":[177],"class_list":{"0":"post-3736","1":"product","2":"type-product","3":"status-publish","4":"has-post-thumbnail","6":"product_cat-diametre-de-tige-5-16-8mm","7":"product_tag-pieces-dautos","8":"has-post-title","9":"has-post-date","10":"has-post-category","11":"has-post-tag","12":"has-post-comment","13":"has-post-author","14":"","15":"fullcover","17":"first","18":"instock","19":"taxable","20":"shipping-taxable","21":"purchasable","22":"product-type-simple"},"jetpack_sharing_enabled":true,"builder_content":"","_links":{"self":[{"href":"https:\/\/fittingsgo.com\/fr\/wp-json\/wp\/v2\/product\/3736","targetHints":{"allow":["GET"]}}],"collection":[{"href":"https:\/\/fittingsgo.com\/fr\/wp-json\/wp\/v2\/product"}],"about":[{"href":"https:\/\/fittingsgo.com\/fr\/wp-json\/wp\/v2\/types\/product"}],"replies":[{"embeddable":true,"href":"https:\/\/fittingsgo.com\/fr\/wp-json\/wp\/v2\/comments?post=3736"}],"wp:featuredmedia":[{"embeddable":true,"href":"https:\/\/fittingsgo.com\/fr\/wp-json\/wp\/v2\/media\/3164"}],"wp:attachment":[{"href":"https:\/\/fittingsgo.com\/fr\/wp-json\/wp\/v2\/media?parent=3736"}],"wp:term":[{"taxonomy":"product_brand","embeddable":true,"href":"https:\/\/fittingsgo.com\/fr\/wp-json\/wp\/v2\/product_brand?post=3736"},{"taxonomy":"product_cat","embeddable":true,"href":"https:\/\/fittingsgo.com\/fr\/wp-json\/wp\/v2\/product_cat?post=3736"},{"taxonomy":"product_tag","embeddable":true,"href":"https:\/\/fittingsgo.com\/fr\/wp-json\/wp\/v2\/product_tag?post=3736"}],"curies":[{"name":"wp","href":"https:\/\/api.w.org\/{rel}","templated":true}]}}