{"id":3726,"date":"2019-02-25T21:21:38","date_gmt":"2019-02-26T02:21:38","guid":{"rendered":"https:\/\/fittingsgo.com\/product\/clip-de-retenue-14736\/"},"modified":"2019-06-20T21:27:27","modified_gmt":"2019-06-21T02:27:27","slug":"clip-de-retenue-14736","status":"publish","type":"product","link":"https:\/\/fittingsgo.com\/fr\/produit\/clip-de-retenue-14736\/","title":{"rendered":"Clip de retenue"},"content":{"rendered":"<p>Interchange: 90467-06161-01, 14736<\/p>\n<div id=\"themify_builder_content-3726\" data-postid=\"3726\" class=\"themify_builder_content themify_builder_content-3726 themify_builder\">\n    <\/div>\n<!-- \/themify_builder_content -->\n","protected":false},"excerpt":{"rendered":"<p>Toyota<br \/>\nType: T\u00eate Simple<br \/>\nDiam\u00e8tre de la t\u00eate sup\u00e9rieure: 14mm<br \/>\nLongueur de la tige: 10MM<br \/>\nDiam\u00e8tre de la tige: 6MM<br \/>\nMat\u00e9riel: Nylon<br \/>\nLa couleur noire<br \/>\nUn paquet de 2<\/p>\n","protected":false},"featured_media":3174,"comment_status":"open","ping_status":"closed","template":"","meta":[],"product_brand":[],"product_cat":[166],"product_tag":[177],"class_list":{"0":"post-3726","1":"product","2":"type-product","3":"status-publish","4":"has-post-thumbnail","6":"product_cat-diametre-tige-1-4-6mm","7":"product_tag-pieces-dautos","8":"has-post-title","9":"has-post-date","10":"has-post-category","11":"has-post-tag","12":"has-post-comment","13":"has-post-author","14":"","15":"fullcover","17":"first","18":"instock","19":"taxable","20":"shipping-taxable","21":"purchasable","22":"product-type-simple"},"jetpack_sharing_enabled":true,"builder_content":"","_links":{"self":[{"href":"https:\/\/fittingsgo.com\/fr\/wp-json\/wp\/v2\/product\/3726","targetHints":{"allow":["GET"]}}],"collection":[{"href":"https:\/\/fittingsgo.com\/fr\/wp-json\/wp\/v2\/product"}],"about":[{"href":"https:\/\/fittingsgo.com\/fr\/wp-json\/wp\/v2\/types\/product"}],"replies":[{"embeddable":true,"href":"https:\/\/fittingsgo.com\/fr\/wp-json\/wp\/v2\/comments?post=3726"}],"wp:featuredmedia":[{"embeddable":true,"href":"https:\/\/fittingsgo.com\/fr\/wp-json\/wp\/v2\/media\/3174"}],"wp:attachment":[{"href":"https:\/\/fittingsgo.com\/fr\/wp-json\/wp\/v2\/media?parent=3726"}],"wp:term":[{"taxonomy":"product_brand","embeddable":true,"href":"https:\/\/fittingsgo.com\/fr\/wp-json\/wp\/v2\/product_brand?post=3726"},{"taxonomy":"product_cat","embeddable":true,"href":"https:\/\/fittingsgo.com\/fr\/wp-json\/wp\/v2\/product_cat?post=3726"},{"taxonomy":"product_tag","embeddable":true,"href":"https:\/\/fittingsgo.com\/fr\/wp-json\/wp\/v2\/product_tag?post=3726"}],"curies":[{"name":"wp","href":"https:\/\/api.w.org\/{rel}","templated":true}]}}