{"id":3720,"date":"2019-02-26T22:34:48","date_gmt":"2019-02-27T03:34:48","guid":{"rendered":"https:\/\/fittingsgo.com\/product\/retenue-de-pare-chocs-pour-pare-chocs-15042\/"},"modified":"2019-06-20T21:17:48","modified_gmt":"2019-06-21T02:17:48","slug":"retenue-de-pare-chocs-pour-pare-chocs-15042","status":"publish","type":"product","link":"https:\/\/fittingsgo.com\/fr\/produit\/retenue-de-pare-chocs-pour-pare-chocs-15042\/","title":{"rendered":"Retenue de pare-chocs pour pare-chocs"},"content":{"rendered":"<p>Interchange: 10077283, 15042<\/p>\n<div id=\"themify_builder_content-3720\" data-postid=\"3720\" class=\"themify_builder_content themify_builder_content-3720 themify_builder\">\n    <\/div>\n<!-- \/themify_builder_content -->\n","protected":false},"excerpt":{"rendered":"<p>Type: Push-Type avec extr\u00e9mit\u00e9 ferm\u00e9e<br \/>\nDiam\u00e8tre de la t\u00eate: 1 &#8221;<br \/>\nLongueur de la tige: 1-1 \/ 8 &#8221;<br \/>\nLongueur d&#8217;\u00e9paule: 1\/4 &#8221;<br \/>\nTaille du trou: 1\/2 &#8221;<br \/>\nLa couleur noire<br \/>\nUn paquet de 2<\/p>\n","protected":false},"featured_media":3196,"comment_status":"open","ping_status":"closed","template":"","meta":[],"product_brand":[],"product_cat":[174],"product_tag":[177],"class_list":{"0":"post-3720","1":"product","2":"type-product","3":"status-publish","4":"has-post-thumbnail","6":"product_cat-grandeur-du-trou-1-2-13mm","7":"product_tag-pieces-dautos","8":"has-post-title","9":"has-post-date","10":"has-post-category","11":"has-post-tag","12":"has-post-comment","13":"has-post-author","14":"","15":"fullcover","17":"first","18":"instock","19":"taxable","20":"shipping-taxable","21":"purchasable","22":"product-type-simple"},"jetpack_sharing_enabled":true,"builder_content":"","_links":{"self":[{"href":"https:\/\/fittingsgo.com\/fr\/wp-json\/wp\/v2\/product\/3720","targetHints":{"allow":["GET"]}}],"collection":[{"href":"https:\/\/fittingsgo.com\/fr\/wp-json\/wp\/v2\/product"}],"about":[{"href":"https:\/\/fittingsgo.com\/fr\/wp-json\/wp\/v2\/types\/product"}],"replies":[{"embeddable":true,"href":"https:\/\/fittingsgo.com\/fr\/wp-json\/wp\/v2\/comments?post=3720"}],"wp:featuredmedia":[{"embeddable":true,"href":"https:\/\/fittingsgo.com\/fr\/wp-json\/wp\/v2\/media\/3196"}],"wp:attachment":[{"href":"https:\/\/fittingsgo.com\/fr\/wp-json\/wp\/v2\/media?parent=3720"}],"wp:term":[{"taxonomy":"product_brand","embeddable":true,"href":"https:\/\/fittingsgo.com\/fr\/wp-json\/wp\/v2\/product_brand?post=3720"},{"taxonomy":"product_cat","embeddable":true,"href":"https:\/\/fittingsgo.com\/fr\/wp-json\/wp\/v2\/product_cat?post=3720"},{"taxonomy":"product_tag","embeddable":true,"href":"https:\/\/fittingsgo.com\/fr\/wp-json\/wp\/v2\/product_tag?post=3720"}],"curies":[{"name":"wp","href":"https:\/\/api.w.org\/{rel}","templated":true}]}}