{"id":3716,"date":"2019-02-26T22:51:44","date_gmt":"2019-02-27T03:51:44","guid":{"rendered":"https:\/\/fittingsgo.com\/product\/retenue-de-pare-chocs-pour-pare-chocs-15478\/"},"modified":"2019-06-20T21:14:19","modified_gmt":"2019-06-21T02:14:19","slug":"retenue-de-pare-chocs-pour-pare-chocs-15478","status":"publish","type":"product","link":"https:\/\/fittingsgo.com\/fr\/produit\/retenue-de-pare-chocs-pour-pare-chocs-15478\/","title":{"rendered":"Retenue de pare-chocs pour pare-chocs"},"content":{"rendered":"<p>Interchange: GM: 1631564; Ford: N804379S, W706358-S300, 15478<\/p>\n<div id=\"themify_builder_content-3716\" data-postid=\"3716\" class=\"themify_builder_content themify_builder_content-3716 themify_builder\">\n    <\/div>\n<!-- \/themify_builder_content -->\n","protected":false},"excerpt":{"rendered":"<p>Type: T\u00eate Simple<br \/>\nLa couleur noire<br \/>\nDiam\u00e8tre inf\u00e9rieur de la t\u00eate: 22MM<br \/>\nDiam\u00e8tre sup\u00e9rieur de la t\u00eate: aucun<br \/>\nDiam\u00e8tre de la tige: 11MM<br \/>\nLongueur de la tige: 28MM<br \/>\nMat\u00e9riel: Nylon<br \/>\nPack de 4<\/p>\n","protected":false},"featured_media":3200,"comment_status":"open","ping_status":"closed","template":"","meta":[],"product_brand":[],"product_cat":[170],"product_tag":[177],"class_list":{"0":"post-3716","1":"product","2":"type-product","3":"status-publish","4":"has-post-thumbnail","6":"product_cat-diametre-de-tige-7-16-11mm","7":"product_tag-pieces-dautos","8":"has-post-title","9":"has-post-date","10":"has-post-category","11":"has-post-tag","12":"has-post-comment","13":"has-post-author","14":"","15":"fullcover","17":"first","18":"instock","19":"taxable","20":"shipping-taxable","21":"purchasable","22":"product-type-simple"},"jetpack_sharing_enabled":true,"builder_content":"","_links":{"self":[{"href":"https:\/\/fittingsgo.com\/fr\/wp-json\/wp\/v2\/product\/3716","targetHints":{"allow":["GET"]}}],"collection":[{"href":"https:\/\/fittingsgo.com\/fr\/wp-json\/wp\/v2\/product"}],"about":[{"href":"https:\/\/fittingsgo.com\/fr\/wp-json\/wp\/v2\/types\/product"}],"replies":[{"embeddable":true,"href":"https:\/\/fittingsgo.com\/fr\/wp-json\/wp\/v2\/comments?post=3716"}],"wp:featuredmedia":[{"embeddable":true,"href":"https:\/\/fittingsgo.com\/fr\/wp-json\/wp\/v2\/media\/3200"}],"wp:attachment":[{"href":"https:\/\/fittingsgo.com\/fr\/wp-json\/wp\/v2\/media?parent=3716"}],"wp:term":[{"taxonomy":"product_brand","embeddable":true,"href":"https:\/\/fittingsgo.com\/fr\/wp-json\/wp\/v2\/product_brand?post=3716"},{"taxonomy":"product_cat","embeddable":true,"href":"https:\/\/fittingsgo.com\/fr\/wp-json\/wp\/v2\/product_cat?post=3716"},{"taxonomy":"product_tag","embeddable":true,"href":"https:\/\/fittingsgo.com\/fr\/wp-json\/wp\/v2\/product_tag?post=3716"}],"curies":[{"name":"wp","href":"https:\/\/api.w.org\/{rel}","templated":true}]}}