{"id":3710,"date":"2019-02-26T23:13:32","date_gmt":"2019-02-27T04:13:32","guid":{"rendered":"https:\/\/fittingsgo.com\/product\/retenue-de-panneau-de-garniture-de-porte-15670\/"},"modified":"2019-06-20T21:09:57","modified_gmt":"2019-06-21T02:09:57","slug":"retenue-de-panneau-de-garniture-de-porte-15670","status":"publish","type":"product","link":"https:\/\/fittingsgo.com\/fr\/produit\/retenue-de-panneau-de-garniture-de-porte-15670\/","title":{"rendered":"Retenue de panneau de garniture de porte"},"content":{"rendered":"<p>Interchange: 15545202, 15670<\/p>\n<div id=\"themify_builder_content-3710\" data-postid=\"3710\" class=\"themify_builder_content themify_builder_content-3710 themify_builder\">\n    <\/div>\n<!-- \/themify_builder_content -->\n","protected":false},"excerpt":{"rendered":"<p>Type: T\u00eate Triple<br \/>\nCouleur blanche<br \/>\nDiam\u00e8tre inf\u00e9rieur de la t\u00eate: 1\/2 &#8221;<br \/>\nDiam\u00e8tre de la t\u00eate sup\u00e9rieure: 1\/4 x 29\/64 &#8221;<br \/>\nDiam\u00e8tre de la tige: 5\/16 &#8221;<br \/>\nLongueur de la tige: 3\/4 &#8221;<br \/>\nMat\u00e9riel: Nylon<br \/>\nLot de 6<\/p>\n","protected":false},"featured_media":3206,"comment_status":"open","ping_status":"closed","template":"","meta":[],"product_brand":[],"product_cat":[169],"product_tag":[177],"class_list":{"0":"post-3710","1":"product","2":"type-product","3":"status-publish","4":"has-post-thumbnail","6":"product_cat-diametre-de-tige-5-16-8mm","7":"product_tag-pieces-dautos","8":"has-post-title","9":"has-post-date","10":"has-post-category","11":"has-post-tag","12":"has-post-comment","13":"has-post-author","14":"","15":"fullcover","17":"first","18":"instock","19":"taxable","20":"shipping-taxable","21":"purchasable","22":"product-type-simple"},"jetpack_sharing_enabled":true,"builder_content":"","_links":{"self":[{"href":"https:\/\/fittingsgo.com\/fr\/wp-json\/wp\/v2\/product\/3710","targetHints":{"allow":["GET"]}}],"collection":[{"href":"https:\/\/fittingsgo.com\/fr\/wp-json\/wp\/v2\/product"}],"about":[{"href":"https:\/\/fittingsgo.com\/fr\/wp-json\/wp\/v2\/types\/product"}],"replies":[{"embeddable":true,"href":"https:\/\/fittingsgo.com\/fr\/wp-json\/wp\/v2\/comments?post=3710"}],"wp:featuredmedia":[{"embeddable":true,"href":"https:\/\/fittingsgo.com\/fr\/wp-json\/wp\/v2\/media\/3206"}],"wp:attachment":[{"href":"https:\/\/fittingsgo.com\/fr\/wp-json\/wp\/v2\/media?parent=3710"}],"wp:term":[{"taxonomy":"product_brand","embeddable":true,"href":"https:\/\/fittingsgo.com\/fr\/wp-json\/wp\/v2\/product_brand?post=3710"},{"taxonomy":"product_cat","embeddable":true,"href":"https:\/\/fittingsgo.com\/fr\/wp-json\/wp\/v2\/product_cat?post=3710"},{"taxonomy":"product_tag","embeddable":true,"href":"https:\/\/fittingsgo.com\/fr\/wp-json\/wp\/v2\/product_tag?post=3710"}],"curies":[{"name":"wp","href":"https:\/\/api.w.org\/{rel}","templated":true}]}}