{"id":3701,"date":"2019-03-19T19:46:05","date_gmt":"2019-03-20T00:46:05","guid":{"rendered":"https:\/\/fittingsgo.com\/product\/retenue-de-type-poussoir-fender-splash-shield-17379\/"},"modified":"2019-06-20T21:06:24","modified_gmt":"2019-06-21T02:06:24","slug":"retenue-de-type-poussoir-fender-splash-shield-17379","status":"publish","type":"product","link":"https:\/\/fittingsgo.com\/fr\/produit\/retenue-de-type-poussoir-fender-splash-shield-17379\/","title":{"rendered":"Retenue de type poussoir Fender Splash Shield"},"content":{"rendered":"<p>Interchange: 17379, 91512-SM4-003<\/p>\n<div id=\"themify_builder_content-3701\" data-postid=\"3701\" class=\"themify_builder_content themify_builder_content-3701 themify_builder\">\n    <\/div>\n<!-- \/themify_builder_content -->\n","protected":false},"excerpt":{"rendered":"<p>Type: \u00e0 visser avec extr\u00e9mit\u00e9 ouverte<br \/>\nDiam\u00e8tre de la t\u00eate: 20MM<br \/>\nLongueur de la tige: 9MM<br \/>\nType de lecteur: rainur\u00e9 \/ Phillips<br \/>\nTaille du trou: 8MM<br \/>\nLa couleur noire<br \/>\nUn paquet de 2<\/p>\n","protected":false},"featured_media":3216,"comment_status":"open","ping_status":"closed","template":"","meta":[],"product_brand":[],"product_cat":[241],"product_tag":[177],"class_list":{"0":"post-3701","1":"product","2":"type-product","3":"status-publish","4":"has-post-thumbnail","6":"product_cat-grandeur-du-trou-5-16-po-8mm","7":"product_tag-pieces-dautos","8":"has-post-title","9":"has-post-date","10":"has-post-category","11":"has-post-tag","12":"has-post-comment","13":"has-post-author","14":"","15":"fullcover","17":"first","18":"instock","19":"taxable","20":"shipping-taxable","21":"purchasable","22":"product-type-simple"},"jetpack_sharing_enabled":true,"builder_content":"","_links":{"self":[{"href":"https:\/\/fittingsgo.com\/fr\/wp-json\/wp\/v2\/product\/3701","targetHints":{"allow":["GET"]}}],"collection":[{"href":"https:\/\/fittingsgo.com\/fr\/wp-json\/wp\/v2\/product"}],"about":[{"href":"https:\/\/fittingsgo.com\/fr\/wp-json\/wp\/v2\/types\/product"}],"replies":[{"embeddable":true,"href":"https:\/\/fittingsgo.com\/fr\/wp-json\/wp\/v2\/comments?post=3701"}],"wp:featuredmedia":[{"embeddable":true,"href":"https:\/\/fittingsgo.com\/fr\/wp-json\/wp\/v2\/media\/3216"}],"wp:attachment":[{"href":"https:\/\/fittingsgo.com\/fr\/wp-json\/wp\/v2\/media?parent=3701"}],"wp:term":[{"taxonomy":"product_brand","embeddable":true,"href":"https:\/\/fittingsgo.com\/fr\/wp-json\/wp\/v2\/product_brand?post=3701"},{"taxonomy":"product_cat","embeddable":true,"href":"https:\/\/fittingsgo.com\/fr\/wp-json\/wp\/v2\/product_cat?post=3701"},{"taxonomy":"product_tag","embeddable":true,"href":"https:\/\/fittingsgo.com\/fr\/wp-json\/wp\/v2\/product_tag?post=3701"}],"curies":[{"name":"wp","href":"https:\/\/api.w.org\/{rel}","templated":true}]}}