{"id":3693,"date":"2019-03-19T20:44:21","date_gmt":"2019-03-20T01:44:21","guid":{"rendered":"https:\/\/fittingsgo.com\/product\/retenue-de-type-poussoir-avec-couvercle-de-pare-chocs-arriere-18873\/"},"modified":"2019-06-20T21:00:21","modified_gmt":"2019-06-21T02:00:21","slug":"retenue-de-type-poussoir-avec-couvercle-de-pare-chocs-arriere-18873","status":"publish","type":"product","link":"https:\/\/fittingsgo.com\/fr\/produit\/retenue-de-type-poussoir-avec-couvercle-de-pare-chocs-arriere-18873\/","title":{"rendered":"Retenue de type poussoir avec couvercle de pare-chocs arri\u00e8re"},"content":{"rendered":"<p>Interchange: 18873, 52161-16010, 52161-02020<\/p>\n<div id=\"themify_builder_content-3693\" data-postid=\"3693\" class=\"themify_builder_content themify_builder_content-3693 themify_builder\">\n    <\/div>\n<!-- \/themify_builder_content -->\n","protected":false},"excerpt":{"rendered":"<p>Type: Push-Type avec extr\u00e9mit\u00e9 ferm\u00e9e<br \/>\nDiam\u00e8tre de la t\u00eate: 18MM<br \/>\nLongueur de la tige: 28MM<br \/>\nTaille du trou: 9MM<br \/>\nLa couleur noire<br \/>\nPaquet de 1<\/p>\n","protected":false},"featured_media":3225,"comment_status":"open","ping_status":"closed","template":"","meta":[],"product_brand":[],"product_cat":[243],"product_tag":[177],"class_list":{"0":"post-3693","1":"product","2":"type-product","3":"status-publish","4":"has-post-thumbnail","6":"product_cat-grandeur-du-trou-11-32-po-9mm","7":"product_tag-pieces-dautos","8":"has-post-title","9":"has-post-date","10":"has-post-category","11":"has-post-tag","12":"has-post-comment","13":"has-post-author","14":"","15":"fullcover","17":"first","18":"instock","19":"taxable","20":"shipping-taxable","21":"purchasable","22":"product-type-simple"},"jetpack_sharing_enabled":true,"builder_content":"","_links":{"self":[{"href":"https:\/\/fittingsgo.com\/fr\/wp-json\/wp\/v2\/product\/3693","targetHints":{"allow":["GET"]}}],"collection":[{"href":"https:\/\/fittingsgo.com\/fr\/wp-json\/wp\/v2\/product"}],"about":[{"href":"https:\/\/fittingsgo.com\/fr\/wp-json\/wp\/v2\/types\/product"}],"replies":[{"embeddable":true,"href":"https:\/\/fittingsgo.com\/fr\/wp-json\/wp\/v2\/comments?post=3693"}],"wp:featuredmedia":[{"embeddable":true,"href":"https:\/\/fittingsgo.com\/fr\/wp-json\/wp\/v2\/media\/3225"}],"wp:attachment":[{"href":"https:\/\/fittingsgo.com\/fr\/wp-json\/wp\/v2\/media?parent=3693"}],"wp:term":[{"taxonomy":"product_brand","embeddable":true,"href":"https:\/\/fittingsgo.com\/fr\/wp-json\/wp\/v2\/product_brand?post=3693"},{"taxonomy":"product_cat","embeddable":true,"href":"https:\/\/fittingsgo.com\/fr\/wp-json\/wp\/v2\/product_cat?post=3693"},{"taxonomy":"product_tag","embeddable":true,"href":"https:\/\/fittingsgo.com\/fr\/wp-json\/wp\/v2\/product_tag?post=3693"}],"curies":[{"name":"wp","href":"https:\/\/api.w.org\/{rel}","templated":true}]}}