{"id":3684,"date":"2019-03-19T21:21:46","date_gmt":"2019-03-20T02:21:46","guid":{"rendered":"https:\/\/fittingsgo.com\/product\/retenue-de-panneau-de-garniture-de-porte-19386\/"},"modified":"2019-06-20T20:46:34","modified_gmt":"2019-06-21T01:46:34","slug":"retenue-de-panneau-de-garniture-de-porte-19386","status":"publish","type":"product","link":"https:\/\/fittingsgo.com\/fr\/produit\/retenue-de-panneau-de-garniture-de-porte-19386\/","title":{"rendered":"Retenue de panneau de garniture de porte"},"content":{"rendered":"<p>Interchange: 19386, 6505292AA<\/p>\n<div id=\"themify_builder_content-3684\" data-postid=\"3684\" class=\"themify_builder_content themify_builder_content-3684 themify_builder\">\n    <\/div>\n<!-- \/themify_builder_content -->\n","protected":false},"excerpt":{"rendered":"<p>Type: T\u00eate Triple<br \/>\nDiam\u00e8tre inf\u00e9rieur de la t\u00eate: 20MM<br \/>\nDiam\u00e8tre de la t\u00eate sup\u00e9rieure: 15MM<br \/>\nLongueur de la tige: 15MM<br \/>\nDiam\u00e8tre de la tige: 9MM<br \/>\nMat\u00e9riel: Nylon<br \/>\nCouleur: naturel<br \/>\nLot de 3<\/p>\n","protected":false},"featured_media":3234,"comment_status":"open","ping_status":"closed","template":"","meta":[],"product_brand":[],"product_cat":[172],"product_tag":[177],"class_list":{"0":"post-3684","1":"product","2":"type-product","3":"status-publish","4":"has-post-thumbnail","6":"product_cat-diametre-de-tige-11-32-9mm","7":"product_tag-pieces-dautos","8":"has-post-title","9":"has-post-date","10":"has-post-category","11":"has-post-tag","12":"has-post-comment","13":"has-post-author","14":"","15":"fullcover","17":"first","18":"instock","19":"taxable","20":"shipping-taxable","21":"purchasable","22":"product-type-simple"},"jetpack_sharing_enabled":true,"builder_content":"","_links":{"self":[{"href":"https:\/\/fittingsgo.com\/fr\/wp-json\/wp\/v2\/product\/3684","targetHints":{"allow":["GET"]}}],"collection":[{"href":"https:\/\/fittingsgo.com\/fr\/wp-json\/wp\/v2\/product"}],"about":[{"href":"https:\/\/fittingsgo.com\/fr\/wp-json\/wp\/v2\/types\/product"}],"replies":[{"embeddable":true,"href":"https:\/\/fittingsgo.com\/fr\/wp-json\/wp\/v2\/comments?post=3684"}],"wp:featuredmedia":[{"embeddable":true,"href":"https:\/\/fittingsgo.com\/fr\/wp-json\/wp\/v2\/media\/3234"}],"wp:attachment":[{"href":"https:\/\/fittingsgo.com\/fr\/wp-json\/wp\/v2\/media?parent=3684"}],"wp:term":[{"taxonomy":"product_brand","embeddable":true,"href":"https:\/\/fittingsgo.com\/fr\/wp-json\/wp\/v2\/product_brand?post=3684"},{"taxonomy":"product_cat","embeddable":true,"href":"https:\/\/fittingsgo.com\/fr\/wp-json\/wp\/v2\/product_cat?post=3684"},{"taxonomy":"product_tag","embeddable":true,"href":"https:\/\/fittingsgo.com\/fr\/wp-json\/wp\/v2\/product_tag?post=3684"}],"curies":[{"name":"wp","href":"https:\/\/api.w.org\/{rel}","templated":true}]}}