{"id":3645,"date":"2019-03-24T19:02:23","date_gmt":"2019-03-25T00:02:23","guid":{"rendered":"https:\/\/fittingsgo.com\/product\/outil-de-marquage-de-pneu-jaune\/"},"modified":"2021-09-13T19:55:29","modified_gmt":"2021-09-14T00:55:29","slug":"outil-de-marquage-de-pneu","status":"publish","type":"product","link":"https:\/\/fittingsgo.com\/fr\/produit\/outil-de-marquage-de-pneu\/","title":{"rendered":"Craie de peinture blanche pour pneus"},"content":{"rendered":"<p>Interchange: 15-552, 15552, 40-OU56A, 40OU56A<\/p>\n<div id=\"themify_builder_content-3645\" data-postid=\"3645\" class=\"themify_builder_content themify_builder_content-3645 themify_builder\">\n    <\/div>\n<!-- \/themify_builder_content -->\n","protected":false},"excerpt":{"rendered":"<p>Pour blanchir le lettrage et les flancs blancs des pneus. Efficace m\u00eame lorsque le pneu est mouill\u00e9.Laisse une marque tr\u00e8s visible qui s\u00e8che comme la peinture liquide.<br \/>\n5\/8 po X 5 po<br \/>\nFabriqu\u00e9 par Carmel<\/p>\n","protected":false},"featured_media":17234,"comment_status":"open","ping_status":"closed","template":"","meta":[],"product_brand":[],"product_cat":[218],"product_tag":[180,189,177],"class_list":{"0":"post-3645","1":"product","2":"type-product","3":"status-publish","4":"has-post-thumbnail","6":"product_cat-outils-de-pneus-et-roues","7":"product_tag-automotive-fr","8":"product_tag-fournitures-datelier","9":"product_tag-pieces-dautos","10":"has-post-title","11":"has-post-date","12":"has-post-category","13":"has-post-tag","14":"has-post-comment","15":"has-post-author","16":"","17":"fullcover","19":"first","20":"instock","21":"taxable","22":"shipping-taxable","23":"purchasable","24":"product-type-variable"},"jetpack_sharing_enabled":true,"builder_content":"","_links":{"self":[{"href":"https:\/\/fittingsgo.com\/fr\/wp-json\/wp\/v2\/product\/3645","targetHints":{"allow":["GET"]}}],"collection":[{"href":"https:\/\/fittingsgo.com\/fr\/wp-json\/wp\/v2\/product"}],"about":[{"href":"https:\/\/fittingsgo.com\/fr\/wp-json\/wp\/v2\/types\/product"}],"replies":[{"embeddable":true,"href":"https:\/\/fittingsgo.com\/fr\/wp-json\/wp\/v2\/comments?post=3645"}],"wp:featuredmedia":[{"embeddable":true,"href":"https:\/\/fittingsgo.com\/fr\/wp-json\/wp\/v2\/media\/17234"}],"wp:attachment":[{"href":"https:\/\/fittingsgo.com\/fr\/wp-json\/wp\/v2\/media?parent=3645"}],"wp:term":[{"taxonomy":"product_brand","embeddable":true,"href":"https:\/\/fittingsgo.com\/fr\/wp-json\/wp\/v2\/product_brand?post=3645"},{"taxonomy":"product_cat","embeddable":true,"href":"https:\/\/fittingsgo.com\/fr\/wp-json\/wp\/v2\/product_cat?post=3645"},{"taxonomy":"product_tag","embeddable":true,"href":"https:\/\/fittingsgo.com\/fr\/wp-json\/wp\/v2\/product_tag?post=3645"}],"curies":[{"name":"wp","href":"https:\/\/api.w.org\/{rel}","templated":true}]}}