{"id":3642,"date":"2019-03-25T20:26:40","date_gmt":"2019-03-26T01:26:40","guid":{"rendered":"https:\/\/fittingsgo.com\/product\/lampe-de-travail-astro-del\/"},"modified":"2019-11-07T12:38:40","modified_gmt":"2019-11-07T17:38:40","slug":"lampe-de-travail-astro-del","status":"publish","type":"product","link":"https:\/\/fittingsgo.com\/fr\/produit\/lampe-de-travail-astro-del\/","title":{"rendered":"Lampe de travail Astro DEL"},"content":{"rendered":"<p>Interchange: 30-SL, 30SL, AST-30SL, AST30SL<\/p>\n<div id=\"themify_builder_content-3642\" data-postid=\"3642\" class=\"themify_builder_content themify_builder_content-3642 themify_builder\">\n    <\/div>\n<!-- \/themify_builder_content -->\n","protected":false},"excerpt":{"rendered":"<p>Lampe de travail \u00e0 DEL flexible, rechargeable, r\u00e9glable et magn\u00e9tique.<br \/>\n&#8211; Le cou flexible unique vous permet de monter la base magn\u00e9tique, puis pliez et tournez la lumi\u00e8re dans la position souhait\u00e9e.<br \/>\n&#8211; Base magn\u00e9tique jusqu&#8217;\u00e0 20 lb.<br \/>\n&#8211; Cadran d&#8217;alimentation unique pour ajuster de 0 \u00e0 300 lumens ou n&#8217;importe o\u00f9 entre.<br \/>\n&#8211; USB rechargeable (comprend un adaptateur et un c\u00e2ble micro USB).<br \/>\n&#8211; 4-10 heures de travail.<br \/>\n&#8211; temps de charge 3,5-4 heures.<br \/>\n&#8211; Con\u00e7u \u00e0 l\u2019ext\u00e9rieur et \u00e0 l\u2019int\u00e9rieur pour les environnements difficiles et les environnements difficiles.<br \/>\n&#8211; Protection contre les surcharges.<br \/>\nFabriqu\u00e9 par Astro Pneumatic Tool Company<\/p>\n","protected":false},"featured_media":3269,"comment_status":"open","ping_status":"closed","template":"","meta":[],"product_brand":[],"product_cat":[237],"product_tag":[180,189,177],"class_list":{"0":"post-3642","1":"product","2":"type-product","3":"status-publish","4":"has-post-thumbnail","6":"product_cat-lampes-de-travail","7":"product_tag-automotive-fr","8":"product_tag-fournitures-datelier","9":"product_tag-pieces-dautos","10":"has-post-title","11":"has-post-date","12":"has-post-category","13":"has-post-tag","14":"has-post-comment","15":"has-post-author","16":"","17":"fullcover","19":"first","20":"outofstock","21":"taxable","22":"shipping-taxable","23":"purchasable","24":"product-type-simple"},"jetpack_sharing_enabled":true,"builder_content":"","_links":{"self":[{"href":"https:\/\/fittingsgo.com\/fr\/wp-json\/wp\/v2\/product\/3642","targetHints":{"allow":["GET"]}}],"collection":[{"href":"https:\/\/fittingsgo.com\/fr\/wp-json\/wp\/v2\/product"}],"about":[{"href":"https:\/\/fittingsgo.com\/fr\/wp-json\/wp\/v2\/types\/product"}],"replies":[{"embeddable":true,"href":"https:\/\/fittingsgo.com\/fr\/wp-json\/wp\/v2\/comments?post=3642"}],"wp:featuredmedia":[{"embeddable":true,"href":"https:\/\/fittingsgo.com\/fr\/wp-json\/wp\/v2\/media\/3269"}],"wp:attachment":[{"href":"https:\/\/fittingsgo.com\/fr\/wp-json\/wp\/v2\/media?parent=3642"}],"wp:term":[{"taxonomy":"product_brand","embeddable":true,"href":"https:\/\/fittingsgo.com\/fr\/wp-json\/wp\/v2\/product_brand?post=3642"},{"taxonomy":"product_cat","embeddable":true,"href":"https:\/\/fittingsgo.com\/fr\/wp-json\/wp\/v2\/product_cat?post=3642"},{"taxonomy":"product_tag","embeddable":true,"href":"https:\/\/fittingsgo.com\/fr\/wp-json\/wp\/v2\/product_tag?post=3642"}],"curies":[{"name":"wp","href":"https:\/\/api.w.org\/{rel}","templated":true}]}}