{"id":3641,"date":"2019-03-25T20:48:35","date_gmt":"2019-03-26T01:48:35","guid":{"rendered":"https:\/\/fittingsgo.com\/product\/adaptateurs-de-douilles-3-po-pour-perceuse\/"},"modified":"2019-06-20T19:37:33","modified_gmt":"2019-06-21T00:37:33","slug":"adaptateurs-de-douilles-pour-perceuse","status":"publish","type":"product","link":"https:\/\/fittingsgo.com\/fr\/produit\/adaptateurs-de-douilles-pour-perceuse\/","title":{"rendered":"Jeu d\u2019adaptateurs de douilles pour perceuse"},"content":{"rendered":"<p>Interchange: TIT-12082, TIT12082, 12082,\u00a0TIT-12086, TIT12086, 12086,\u00a0TIT-15206, TIT15206, 15206<\/p>\n<div id=\"themify_builder_content-3641\" data-postid=\"3641\" class=\"themify_builder_content themify_builder_content-3641 themify_builder\">\n    <\/div>\n<!-- \/themify_builder_content -->\n","protected":false},"excerpt":{"rendered":"<p>Jeu de 3 adaptateurs de prise pour perceuse.<br \/>\nAdapte les sockets aux perceuses et pilotes.<br \/>\nComprend: 1\/4 &#8220;; Dr. et 3\/8&#8221;; Dr. et 1\/2 &#8220;; Dr. Extension Bar.<br \/>\n1\/4 &#8220;; Queue<br \/>\nBoule de d\u00e9tente pour une r\u00e9tention de prise s\u00e9curis\u00e9e<\/p>\n","protected":false},"featured_media":3270,"comment_status":"open","ping_status":"closed","template":"","meta":[],"product_brand":[],"product_cat":[232],"product_tag":[180,189,177],"class_list":{"0":"post-3641","1":"product","2":"type-product","3":"status-publish","4":"has-post-thumbnail","6":"product_cat-outils-dimpact","7":"product_tag-automotive-fr","8":"product_tag-fournitures-datelier","9":"product_tag-pieces-dautos","10":"has-post-title","11":"has-post-date","12":"has-post-category","13":"has-post-tag","14":"has-post-comment","15":"has-post-author","16":"","17":"fullcover","19":"first","20":"instock","21":"taxable","22":"shipping-taxable","23":"purchasable","24":"product-type-variable"},"jetpack_sharing_enabled":true,"builder_content":"","_links":{"self":[{"href":"https:\/\/fittingsgo.com\/fr\/wp-json\/wp\/v2\/product\/3641","targetHints":{"allow":["GET"]}}],"collection":[{"href":"https:\/\/fittingsgo.com\/fr\/wp-json\/wp\/v2\/product"}],"about":[{"href":"https:\/\/fittingsgo.com\/fr\/wp-json\/wp\/v2\/types\/product"}],"replies":[{"embeddable":true,"href":"https:\/\/fittingsgo.com\/fr\/wp-json\/wp\/v2\/comments?post=3641"}],"wp:featuredmedia":[{"embeddable":true,"href":"https:\/\/fittingsgo.com\/fr\/wp-json\/wp\/v2\/media\/3270"}],"wp:attachment":[{"href":"https:\/\/fittingsgo.com\/fr\/wp-json\/wp\/v2\/media?parent=3641"}],"wp:term":[{"taxonomy":"product_brand","embeddable":true,"href":"https:\/\/fittingsgo.com\/fr\/wp-json\/wp\/v2\/product_brand?post=3641"},{"taxonomy":"product_cat","embeddable":true,"href":"https:\/\/fittingsgo.com\/fr\/wp-json\/wp\/v2\/product_cat?post=3641"},{"taxonomy":"product_tag","embeddable":true,"href":"https:\/\/fittingsgo.com\/fr\/wp-json\/wp\/v2\/product_tag?post=3641"}],"curies":[{"name":"wp","href":"https:\/\/api.w.org\/{rel}","templated":true}]}}