{"id":3638,"date":"2019-03-25T21:05:38","date_gmt":"2019-03-26T02:05:38","guid":{"rendered":"https:\/\/fittingsgo.com\/product\/jeu-de-hex-metrique-13-pc\/"},"modified":"2019-06-27T21:05:33","modified_gmt":"2019-06-28T02:05:33","slug":"jeu-de-hex-metrique-13-pc","status":"publish","type":"product","link":"https:\/\/fittingsgo.com\/fr\/produit\/jeu-de-hex-metrique-13-pc\/","title":{"rendered":"Jeu de HEX m\u00e9trique 13 pc"},"content":{"rendered":"<p>Interchange: ATD-13785, ATD13785, 13785<\/p>\n<div id=\"themify_builder_content-3638\" data-postid=\"3638\" class=\"themify_builder_content themify_builder_content-3638 themify_builder\">\n    <\/div>\n<!-- \/themify_builder_content -->\n","protected":false},"excerpt":{"rendered":"<p>Comprend:<br \/>\n(13) supports m\u00e9triques hexagonaux:<br \/>\n2mm 1\/4 \u00a0po drive (ATD-205)<br \/>\n2,5 mm 1\/4 \u00a0po drive (ATD-206)<br \/>\n3mm 1\/4 po drive (ATD-207)<br \/>\n4mm 1\/4 po drive (ATD-208)<br \/>\n5mm 1\/4 \u00a0po drive (ATD-209)<br \/>\n5.5mm 1\/4 po drive (ATD-210)<br \/>\n6mm 1\/4 po drive (ATD-211)<br \/>\n7mm 3\/8 \u00a0po drive (ATD-193)<br \/>\n8 mm 3\/8 \u00a0po drive (ATD-124556)<br \/>\n9mm 3\/8 po drive (ATD-212)<br \/>\n10mm 3\/8 po drive (ATD-124557)<br \/>\n12mm 3\/8 \u00a0po drive (ATD-213)<br \/>\n14mm 1\/2 po drive (ATD-214)<br \/>\nLes embouts sont en acier S2 pour respecter ou d\u00e9passer les sp\u00e9cifications de couple<br \/>\nLes douilles sont en acier au chrome vanadium trait\u00e9 thermiquement pour plus de solidit\u00e9 et de durabilit\u00e9<br \/>\nFabriqu\u00e9 par ATD<\/p>\n","protected":false},"featured_media":3273,"comment_status":"open","ping_status":"closed","template":"","meta":[],"product_brand":[],"product_cat":[236],"product_tag":[180,189,177],"class_list":{"0":"post-3638","1":"product","2":"type-product","3":"status-publish","4":"has-post-thumbnail","6":"product_cat-jeux-de-douilles","7":"product_tag-automotive-fr","8":"product_tag-fournitures-datelier","9":"product_tag-pieces-dautos","10":"has-post-title","11":"has-post-date","12":"has-post-category","13":"has-post-tag","14":"has-post-comment","15":"has-post-author","16":"","17":"fullcover","19":"first","20":"instock","21":"taxable","22":"shipping-taxable","23":"purchasable","24":"product-type-simple"},"jetpack_sharing_enabled":true,"builder_content":"","_links":{"self":[{"href":"https:\/\/fittingsgo.com\/fr\/wp-json\/wp\/v2\/product\/3638","targetHints":{"allow":["GET"]}}],"collection":[{"href":"https:\/\/fittingsgo.com\/fr\/wp-json\/wp\/v2\/product"}],"about":[{"href":"https:\/\/fittingsgo.com\/fr\/wp-json\/wp\/v2\/types\/product"}],"replies":[{"embeddable":true,"href":"https:\/\/fittingsgo.com\/fr\/wp-json\/wp\/v2\/comments?post=3638"}],"wp:featuredmedia":[{"embeddable":true,"href":"https:\/\/fittingsgo.com\/fr\/wp-json\/wp\/v2\/media\/3273"}],"wp:attachment":[{"href":"https:\/\/fittingsgo.com\/fr\/wp-json\/wp\/v2\/media?parent=3638"}],"wp:term":[{"taxonomy":"product_brand","embeddable":true,"href":"https:\/\/fittingsgo.com\/fr\/wp-json\/wp\/v2\/product_brand?post=3638"},{"taxonomy":"product_cat","embeddable":true,"href":"https:\/\/fittingsgo.com\/fr\/wp-json\/wp\/v2\/product_cat?post=3638"},{"taxonomy":"product_tag","embeddable":true,"href":"https:\/\/fittingsgo.com\/fr\/wp-json\/wp\/v2\/product_tag?post=3638"}],"curies":[{"name":"wp","href":"https:\/\/api.w.org\/{rel}","templated":true}]}}