{"id":3634,"date":"2019-03-25T21:26:05","date_gmt":"2019-03-26T02:26:05","guid":{"rendered":"https:\/\/fittingsgo.com\/product\/jeu-de-10-bit-triple-square\/"},"modified":"2019-06-27T21:05:26","modified_gmt":"2019-06-28T02:05:26","slug":"jeu-de-10-bit-triple-square","status":"publish","type":"product","link":"https:\/\/fittingsgo.com\/fr\/produit\/jeu-de-10-bit-triple-square\/","title":{"rendered":"Jeu de 10 bit \u00abtriple square\u00bb"},"content":{"rendered":"<p>Interchange: ATD-13782, ATD13782, 13782<\/p>\n<div id=\"themify_builder_content-3634\" data-postid=\"3634\" class=\"themify_builder_content themify_builder_content-3634 themify_builder\">\n    <\/div>\n<!-- \/themify_builder_content -->\n","protected":false},"excerpt":{"rendered":"<p>Jeu de 10 embouts \u00abtriple square\u00bb (12 points)<br \/>\nDouilles:<br \/>\nM4 1\/4 po (ATD-232)<br \/>\nM5 1\/4 po (ATD-233)<br \/>\nM6 1\/4 po (ATD-234)<br \/>\nM8 3\/8 po (ATD-235)<br \/>\nM9 3\/8 po (ATD-236)<br \/>\nM10 3\/8 po (ATD-237)<br \/>\nM12 3\/8 po (ATD-238)<br \/>\nInviolable M14 3\/8 po (ATD-239)<br \/>\nInviolable M16 1\/2 po (ATD-241)<br \/>\nInviolable M18 1\/2 po (ATD-242)<br \/>\nComprend des douilles \u00e0 trois cannelures carr\u00e9es<br \/>\nLes embouts sont en acier S2 pour respecter ou d\u00e9passer les sp\u00e9cifications de couple<br \/>\nLes douilles sont en acier au chrome vanadium trait\u00e9 thermiquement pour plus de solidit\u00e9 et de durabilit\u00e9<br \/>\nFabriqu\u00e9 par ATD<\/p>\n","protected":false},"featured_media":3277,"comment_status":"open","ping_status":"closed","template":"","meta":[],"product_brand":[],"product_cat":[236],"product_tag":[180,189,177],"class_list":{"0":"post-3634","1":"product","2":"type-product","3":"status-publish","4":"has-post-thumbnail","6":"product_cat-jeux-de-douilles","7":"product_tag-automotive-fr","8":"product_tag-fournitures-datelier","9":"product_tag-pieces-dautos","10":"has-post-title","11":"has-post-date","12":"has-post-category","13":"has-post-tag","14":"has-post-comment","15":"has-post-author","16":"","17":"fullcover","19":"first","20":"instock","21":"taxable","22":"shipping-taxable","23":"purchasable","24":"product-type-simple"},"jetpack_sharing_enabled":true,"builder_content":"","_links":{"self":[{"href":"https:\/\/fittingsgo.com\/fr\/wp-json\/wp\/v2\/product\/3634","targetHints":{"allow":["GET"]}}],"collection":[{"href":"https:\/\/fittingsgo.com\/fr\/wp-json\/wp\/v2\/product"}],"about":[{"href":"https:\/\/fittingsgo.com\/fr\/wp-json\/wp\/v2\/types\/product"}],"replies":[{"embeddable":true,"href":"https:\/\/fittingsgo.com\/fr\/wp-json\/wp\/v2\/comments?post=3634"}],"wp:featuredmedia":[{"embeddable":true,"href":"https:\/\/fittingsgo.com\/fr\/wp-json\/wp\/v2\/media\/3277"}],"wp:attachment":[{"href":"https:\/\/fittingsgo.com\/fr\/wp-json\/wp\/v2\/media?parent=3634"}],"wp:term":[{"taxonomy":"product_brand","embeddable":true,"href":"https:\/\/fittingsgo.com\/fr\/wp-json\/wp\/v2\/product_brand?post=3634"},{"taxonomy":"product_cat","embeddable":true,"href":"https:\/\/fittingsgo.com\/fr\/wp-json\/wp\/v2\/product_cat?post=3634"},{"taxonomy":"product_tag","embeddable":true,"href":"https:\/\/fittingsgo.com\/fr\/wp-json\/wp\/v2\/product_tag?post=3634"}],"curies":[{"name":"wp","href":"https:\/\/api.w.org\/{rel}","templated":true}]}}