{"id":3633,"date":"2019-03-25T21:38:15","date_gmt":"2019-03-26T02:38:15","guid":{"rendered":"https:\/\/fittingsgo.com\/product\/douille-pour-bougie-bmw\/"},"modified":"2019-07-13T16:20:53","modified_gmt":"2019-07-13T21:20:53","slug":"douille-pour-bougie-bmw","status":"publish","type":"product","link":"https:\/\/fittingsgo.com\/fr\/produit\/douille-pour-bougie-bmw\/","title":{"rendered":"Douille pour bougie BMW"},"content":{"rendered":"<p>Interchange: CTA-2376, CTA2376, 2376<\/p>\n<div id=\"themify_builder_content-3633\" data-postid=\"3633\" class=\"themify_builder_content themify_builder_content-3633 themify_builder\">\n    <\/div>\n<!-- \/themify_builder_content -->\n","protected":false},"excerpt":{"rendered":"<p>Douille de bougie d&#8217;allumage 3\/8 pouces 14mm X 12 points Bmw, MINI, Nissan et Infiniti<br \/>\nDouille \u00e0 paroi mince avec entra\u00eenement carr\u00e9 de 3\/8 po<br \/>\nLa longueur totale est de 2 1\/2 pouces<br \/>\nLa construction robuste assure la durabilit\u00e9<br \/>\nFabriqu\u00e9 par CTA Tools<\/p>\n","protected":false},"featured_media":3278,"comment_status":"open","ping_status":"closed","template":"","meta":[],"product_brand":[],"product_cat":[220],"product_tag":[180,189,177],"class_list":{"0":"post-3633","1":"product","2":"type-product","3":"status-publish","4":"has-post-thumbnail","6":"product_cat-outils-de-bougie-allumage-et-sondes-oxygene","7":"product_tag-automotive-fr","8":"product_tag-fournitures-datelier","9":"product_tag-pieces-dautos","10":"has-post-title","11":"has-post-date","12":"has-post-category","13":"has-post-tag","14":"has-post-comment","15":"has-post-author","16":"","17":"fullcover","19":"first","20":"instock","21":"featured","22":"taxable","23":"shipping-taxable","24":"purchasable","25":"product-type-simple"},"jetpack_sharing_enabled":true,"builder_content":"","_links":{"self":[{"href":"https:\/\/fittingsgo.com\/fr\/wp-json\/wp\/v2\/product\/3633","targetHints":{"allow":["GET"]}}],"collection":[{"href":"https:\/\/fittingsgo.com\/fr\/wp-json\/wp\/v2\/product"}],"about":[{"href":"https:\/\/fittingsgo.com\/fr\/wp-json\/wp\/v2\/types\/product"}],"replies":[{"embeddable":true,"href":"https:\/\/fittingsgo.com\/fr\/wp-json\/wp\/v2\/comments?post=3633"}],"wp:featuredmedia":[{"embeddable":true,"href":"https:\/\/fittingsgo.com\/fr\/wp-json\/wp\/v2\/media\/3278"}],"wp:attachment":[{"href":"https:\/\/fittingsgo.com\/fr\/wp-json\/wp\/v2\/media?parent=3633"}],"wp:term":[{"taxonomy":"product_brand","embeddable":true,"href":"https:\/\/fittingsgo.com\/fr\/wp-json\/wp\/v2\/product_brand?post=3633"},{"taxonomy":"product_cat","embeddable":true,"href":"https:\/\/fittingsgo.com\/fr\/wp-json\/wp\/v2\/product_cat?post=3633"},{"taxonomy":"product_tag","embeddable":true,"href":"https:\/\/fittingsgo.com\/fr\/wp-json\/wp\/v2\/product_tag?post=3633"}],"curies":[{"name":"wp","href":"https:\/\/api.w.org\/{rel}","templated":true}]}}