{"id":3631,"date":"2019-03-26T21:05:08","date_gmt":"2019-03-27T02:05:08","guid":{"rendered":"https:\/\/fittingsgo.com\/product\/bouchon-style-m-1-4-po\/"},"modified":"2020-01-23T20:58:37","modified_gmt":"2020-01-24T01:58:37","slug":"bouchon-style-m-1-4-po","status":"publish","type":"product","link":"https:\/\/fittingsgo.com\/fr\/produit\/bouchon-style-m-1-4-po\/","title":{"rendered":"Bouchon style-M 1\/4 po (m\u00e2le)"},"content":{"rendered":"<p>Interchange: S727, S-727, 727<\/p>\n<div id=\"themify_builder_content-3631\" data-postid=\"3631\" class=\"themify_builder_content themify_builder_content-3631 themify_builder\">\n    <\/div>\n<!-- \/themify_builder_content -->\n","protected":false},"excerpt":{"rendered":"<p>D\u00e9bit de base 1\/4 \u201d<br \/>\n\u2022 Les bouchons M-Style\u00ae sont en acier c\u00e9ment\u00e9, plaqu\u00e9s pour r\u00e9sister \u00e0 la rouille<br \/>\n\u2022 Pression d&#8217;entr\u00e9e maximale: 300 PSI \u2022 Temp\u00e9rature maximale: 250 \u00b0 F<br \/>\n\u2022 D\u00e9bit d\u2019air: 40 SCFM<br \/>\n\u2022 Phoques: Buna-N<br \/>\nUn paquet de 2<br \/>\nFabriqu\u00e9 par Milton<\/p>\n","protected":false},"featured_media":3283,"comment_status":"open","ping_status":"closed","template":"","meta":[],"product_brand":[],"product_cat":[235],"product_tag":[208,189],"class_list":{"0":"post-3631","1":"product","2":"type-product","3":"status-publish","4":"has-post-thumbnail","6":"product_cat-style-m","7":"product_tag-boyau-a-air","8":"product_tag-fournitures-datelier","9":"has-post-title","10":"has-post-date","11":"has-post-category","12":"has-post-tag","13":"has-post-comment","14":"has-post-author","15":"","16":"fullcover","18":"first","19":"instock","20":"taxable","21":"shipping-taxable","22":"purchasable","23":"product-type-simple"},"jetpack_sharing_enabled":true,"builder_content":"","_links":{"self":[{"href":"https:\/\/fittingsgo.com\/fr\/wp-json\/wp\/v2\/product\/3631","targetHints":{"allow":["GET"]}}],"collection":[{"href":"https:\/\/fittingsgo.com\/fr\/wp-json\/wp\/v2\/product"}],"about":[{"href":"https:\/\/fittingsgo.com\/fr\/wp-json\/wp\/v2\/types\/product"}],"replies":[{"embeddable":true,"href":"https:\/\/fittingsgo.com\/fr\/wp-json\/wp\/v2\/comments?post=3631"}],"wp:featuredmedia":[{"embeddable":true,"href":"https:\/\/fittingsgo.com\/fr\/wp-json\/wp\/v2\/media\/3283"}],"wp:attachment":[{"href":"https:\/\/fittingsgo.com\/fr\/wp-json\/wp\/v2\/media?parent=3631"}],"wp:term":[{"taxonomy":"product_brand","embeddable":true,"href":"https:\/\/fittingsgo.com\/fr\/wp-json\/wp\/v2\/product_brand?post=3631"},{"taxonomy":"product_cat","embeddable":true,"href":"https:\/\/fittingsgo.com\/fr\/wp-json\/wp\/v2\/product_cat?post=3631"},{"taxonomy":"product_tag","embeddable":true,"href":"https:\/\/fittingsgo.com\/fr\/wp-json\/wp\/v2\/product_tag?post=3631"}],"curies":[{"name":"wp","href":"https:\/\/api.w.org\/{rel}","templated":true}]}}