{"id":3630,"date":"2019-03-26T21:13:21","date_gmt":"2019-03-27T02:13:21","guid":{"rendered":"https:\/\/fittingsgo.com\/product\/coupleur-style-a-1-4-po\/"},"modified":"2019-06-29T10:29:55","modified_gmt":"2019-06-29T15:29:55","slug":"coupleur-style-a-1-4-po","status":"publish","type":"product","link":"https:\/\/fittingsgo.com\/fr\/produit\/coupleur-style-a-1-4-po\/","title":{"rendered":"Coupleur style-A 1\/4 po"},"content":{"rendered":"<p>Interchange: S775, S-775, 775<\/p>\n<div id=\"themify_builder_content-3630\" data-postid=\"3630\" class=\"themify_builder_content themify_builder_content-3630 themify_builder\">\n    <\/div>\n<!-- \/themify_builder_content -->\n","protected":false},"excerpt":{"rendered":"<p>D\u00e9bit de base 1\/4 po<br \/>\n\u2022 Les coupleurs A-Style sont du type \u00e0 pouss\u00e9e pour une connexion plus rapide<br \/>\n\u2022 2 tiges de blocage<br \/>\n\u2022 Les coupleurs de style A sont en acier, plaqu\u00e9s pour r\u00e9sister \u00e0 la rouille<br \/>\n\u2022 Pression d&#8217;entr\u00e9e maximale: 300 PSI \u2022 Temp\u00e9rature maximale: 250 \u00b0 F<br \/>\n\u2022 D\u00e9bit d\u2019air: 34 SCFM<br \/>\n\u2022 Phoques: Buna-N<br \/>\nPaquet de 1<br \/>\nFabriqu\u00e9 par Milton<\/p>\n","protected":false},"featured_media":3284,"comment_status":"open","ping_status":"closed","template":"","meta":[],"product_brand":[],"product_cat":[233],"product_tag":[180,208,189,177],"class_list":{"0":"post-3630","1":"product","2":"type-product","3":"status-publish","4":"has-post-thumbnail","6":"product_cat-style-a","7":"product_tag-automotive-fr","8":"product_tag-boyau-a-air","9":"product_tag-fournitures-datelier","10":"product_tag-pieces-dautos","11":"has-post-title","12":"has-post-date","13":"has-post-category","14":"has-post-tag","15":"has-post-comment","16":"has-post-author","17":"","18":"fullcover","20":"first","21":"instock","22":"taxable","23":"shipping-taxable","24":"purchasable","25":"product-type-simple"},"jetpack_sharing_enabled":true,"builder_content":"","_links":{"self":[{"href":"https:\/\/fittingsgo.com\/fr\/wp-json\/wp\/v2\/product\/3630","targetHints":{"allow":["GET"]}}],"collection":[{"href":"https:\/\/fittingsgo.com\/fr\/wp-json\/wp\/v2\/product"}],"about":[{"href":"https:\/\/fittingsgo.com\/fr\/wp-json\/wp\/v2\/types\/product"}],"replies":[{"embeddable":true,"href":"https:\/\/fittingsgo.com\/fr\/wp-json\/wp\/v2\/comments?post=3630"}],"wp:featuredmedia":[{"embeddable":true,"href":"https:\/\/fittingsgo.com\/fr\/wp-json\/wp\/v2\/media\/3284"}],"wp:attachment":[{"href":"https:\/\/fittingsgo.com\/fr\/wp-json\/wp\/v2\/media?parent=3630"}],"wp:term":[{"taxonomy":"product_brand","embeddable":true,"href":"https:\/\/fittingsgo.com\/fr\/wp-json\/wp\/v2\/product_brand?post=3630"},{"taxonomy":"product_cat","embeddable":true,"href":"https:\/\/fittingsgo.com\/fr\/wp-json\/wp\/v2\/product_cat?post=3630"},{"taxonomy":"product_tag","embeddable":true,"href":"https:\/\/fittingsgo.com\/fr\/wp-json\/wp\/v2\/product_tag?post=3630"}],"curies":[{"name":"wp","href":"https:\/\/api.w.org\/{rel}","templated":true}]}}