{"id":3629,"date":"2019-03-26T21:18:26","date_gmt":"2019-03-27T02:18:26","guid":{"rendered":"https:\/\/fittingsgo.com\/product\/bouchon-style-a-1-4-po\/"},"modified":"2020-01-23T20:53:53","modified_gmt":"2020-01-24T01:53:53","slug":"bouchon-style-a-1-4-po","status":"publish","type":"product","link":"https:\/\/fittingsgo.com\/fr\/produit\/bouchon-style-a-1-4-po\/","title":{"rendered":"Bouchon style-A 1\/4 po (m\u00e2le)"},"content":{"rendered":"<p>Interchange: S777, S-777, 777<\/p>\n<div id=\"themify_builder_content-3629\" data-postid=\"3629\" class=\"themify_builder_content themify_builder_content-3629 themify_builder\">\n    <\/div>\n<!-- \/themify_builder_content -->\n","protected":false},"excerpt":{"rendered":"<p>1\/4 po taille de d\u00e9bit de base<br \/>\n\u2022 Les bouchons de type A sont en acier c\u00e9ment\u00e9, plaqu\u00e9s pour r\u00e9sister \u00e0 la rouille<br \/>\n\u2022 Pression d&#8217;entr\u00e9e maximale: 300 PSI \u2022 Temp\u00e9rature maximale: 250 \u00b0 F<br \/>\n\u2022 D\u00e9bit d\u2019air: 34 SCFM<br \/>\n\u2022 \u00c9tanches: Buna-N<br \/>\nLot de 2<br \/>\nFabriqu\u00e9 par Milton<\/p>\n","protected":false},"featured_media":3285,"comment_status":"open","ping_status":"closed","template":"","meta":[],"product_brand":[],"product_cat":[233],"product_tag":[180,208,189,177],"class_list":{"0":"post-3629","1":"product","2":"type-product","3":"status-publish","4":"has-post-thumbnail","6":"product_cat-style-a","7":"product_tag-automotive-fr","8":"product_tag-boyau-a-air","9":"product_tag-fournitures-datelier","10":"product_tag-pieces-dautos","11":"has-post-title","12":"has-post-date","13":"has-post-category","14":"has-post-tag","15":"has-post-comment","16":"has-post-author","17":"","18":"fullcover","20":"first","21":"instock","22":"taxable","23":"shipping-taxable","24":"purchasable","25":"product-type-simple"},"jetpack_sharing_enabled":true,"builder_content":"","_links":{"self":[{"href":"https:\/\/fittingsgo.com\/fr\/wp-json\/wp\/v2\/product\/3629","targetHints":{"allow":["GET"]}}],"collection":[{"href":"https:\/\/fittingsgo.com\/fr\/wp-json\/wp\/v2\/product"}],"about":[{"href":"https:\/\/fittingsgo.com\/fr\/wp-json\/wp\/v2\/types\/product"}],"replies":[{"embeddable":true,"href":"https:\/\/fittingsgo.com\/fr\/wp-json\/wp\/v2\/comments?post=3629"}],"wp:featuredmedia":[{"embeddable":true,"href":"https:\/\/fittingsgo.com\/fr\/wp-json\/wp\/v2\/media\/3285"}],"wp:attachment":[{"href":"https:\/\/fittingsgo.com\/fr\/wp-json\/wp\/v2\/media?parent=3629"}],"wp:term":[{"taxonomy":"product_brand","embeddable":true,"href":"https:\/\/fittingsgo.com\/fr\/wp-json\/wp\/v2\/product_brand?post=3629"},{"taxonomy":"product_cat","embeddable":true,"href":"https:\/\/fittingsgo.com\/fr\/wp-json\/wp\/v2\/product_cat?post=3629"},{"taxonomy":"product_tag","embeddable":true,"href":"https:\/\/fittingsgo.com\/fr\/wp-json\/wp\/v2\/product_tag?post=3629"}],"curies":[{"name":"wp","href":"https:\/\/api.w.org\/{rel}","templated":true}]}}