{"id":3628,"date":"2019-03-27T20:05:52","date_gmt":"2019-03-28T01:05:52","guid":{"rendered":"https:\/\/fittingsgo.com\/product\/trousse-pour-deconnecter-les-raccords\/"},"modified":"2020-01-04T22:29:03","modified_gmt":"2020-01-05T03:29:03","slug":"trousse-pour-deconnecter-les-raccords","status":"publish","type":"product","link":"https:\/\/fittingsgo.com\/fr\/produit\/trousse-pour-deconnecter-les-raccords\/","title":{"rendered":"Trousse pour d\u00e9connecter les raccords"},"content":{"rendered":"<p>Interchange: 3399, ATD-3399, ATD3399, Lisle: 39900, Astro: 78930<\/p>\n<div id=\"themify_builder_content-3628\" data-postid=\"3628\" class=\"themify_builder_content themify_builder_content-3628 themify_builder\">\n    <\/div>\n<!-- \/themify_builder_content -->\n","protected":false},"excerpt":{"rendered":"<p>Pour s\u00e9parer facilement et sans probl\u00e8me les coupleurs \u00e0 d\u00e9connexion rapide et \u00e0 verrouillage par ressort que l&#8217;on trouve sur la plupart des v\u00e9hicules r\u00e9cents mod\u00e8les et import\u00e9s<br \/>\nL&#8217;ensemble comprend des outils \u00e0 utiliser sur 1\/4 po, 5\/16 po, 3\/8 po, 1\/2 po, 5\/8 po, 3\/4 po et 7\/8 \u00a0po:<br \/>\nLignes de carburant<br \/>\nPour:<br \/>\nFiltre \u00e0 carburant<br \/>\nR\u00e9gulateurs de pression de carburant<br \/>\nLignes de retour de carburant<br \/>\nRaccords A \/ C<br \/>\nLignes de refroidisseur d&#8217;huile<br \/>\nLignes de refroidissement d&#8217;huile de transmission<br \/>\nLignes de radiateur<br \/>\nApplications sp\u00e9cifiques aux v\u00e9hicules<br \/>\nFabriqu\u00e9 par ATD Tools<\/p>\n","protected":false},"featured_media":3286,"comment_status":"open","ping_status":"closed","template":"","meta":[],"product_brand":[],"product_cat":[212],"product_tag":[180,189,177],"class_list":{"0":"post-3628","1":"product","2":"type-product","3":"status-publish","4":"has-post-thumbnail","6":"product_cat-outils-de-tuyauterie-et-evasement","7":"product_tag-automotive-fr","8":"product_tag-fournitures-datelier","9":"product_tag-pieces-dautos","10":"has-post-title","11":"has-post-date","12":"has-post-category","13":"has-post-tag","14":"has-post-comment","15":"has-post-author","16":"","17":"fullcover","19":"first","20":"instock","21":"taxable","22":"shipping-taxable","23":"purchasable","24":"product-type-simple"},"jetpack_sharing_enabled":true,"builder_content":"","_links":{"self":[{"href":"https:\/\/fittingsgo.com\/fr\/wp-json\/wp\/v2\/product\/3628","targetHints":{"allow":["GET"]}}],"collection":[{"href":"https:\/\/fittingsgo.com\/fr\/wp-json\/wp\/v2\/product"}],"about":[{"href":"https:\/\/fittingsgo.com\/fr\/wp-json\/wp\/v2\/types\/product"}],"replies":[{"embeddable":true,"href":"https:\/\/fittingsgo.com\/fr\/wp-json\/wp\/v2\/comments?post=3628"}],"wp:featuredmedia":[{"embeddable":true,"href":"https:\/\/fittingsgo.com\/fr\/wp-json\/wp\/v2\/media\/3286"}],"wp:attachment":[{"href":"https:\/\/fittingsgo.com\/fr\/wp-json\/wp\/v2\/media?parent=3628"}],"wp:term":[{"taxonomy":"product_brand","embeddable":true,"href":"https:\/\/fittingsgo.com\/fr\/wp-json\/wp\/v2\/product_brand?post=3628"},{"taxonomy":"product_cat","embeddable":true,"href":"https:\/\/fittingsgo.com\/fr\/wp-json\/wp\/v2\/product_cat?post=3628"},{"taxonomy":"product_tag","embeddable":true,"href":"https:\/\/fittingsgo.com\/fr\/wp-json\/wp\/v2\/product_tag?post=3628"}],"curies":[{"name":"wp","href":"https:\/\/api.w.org\/{rel}","templated":true}]}}