{"id":3623,"date":"2019-03-27T21:10:35","date_gmt":"2019-03-28T02:10:35","guid":{"rendered":"https:\/\/fittingsgo.com\/product\/outil-de-piston-de-frein-3-8-po-drive\/"},"modified":"2019-06-27T21:09:08","modified_gmt":"2019-06-28T02:09:08","slug":"outil-de-piston-de-frein-3-8-po-drive","status":"publish","type":"product","link":"https:\/\/fittingsgo.com\/fr\/produit\/outil-de-piston-de-frein-3-8-po-drive\/","title":{"rendered":"Outil de piston de frein 3\/8 po drive"},"content":{"rendered":"<p>Interchange: W80621<\/p>\n<div id=\"themify_builder_content-3623\" data-postid=\"3623\" class=\"themify_builder_content themify_builder_content-3623 themify_builder\">\n    <\/div>\n<!-- \/themify_builder_content -->\n","protected":false},"excerpt":{"rendered":"<p>Pour utilisation sur les v\u00e9hicules les plus populaires import\u00e9s, Chrysler, Ford et GM avec freins \u00e0 disque aux 4 roues.<br \/>\nRetire et installe les pistons de frein \u00e0 disque.<br \/>\nR\u00e9aligne les fentes du piston (le cas \u00e9ch\u00e9ant) \u00e0 l&#8217;arri\u00e8re du patin de frein.<br \/>\nRetourne le piston dans l&#8217;\u00e9trier.<br \/>\n\u00c0 utiliser avec une rallonge \u00e0 cliquet drive.<br \/>\nFabriqu\u00e9 par Performance Tool<\/p>\n","protected":false},"featured_media":3295,"comment_status":"open","ping_status":"closed","template":"","meta":[],"product_brand":[],"product_cat":[198],"product_tag":[180,189,177],"class_list":{"0":"post-3623","1":"product","2":"type-product","3":"status-publish","4":"has-post-thumbnail","6":"product_cat-outils-de-freins","7":"product_tag-automotive-fr","8":"product_tag-fournitures-datelier","9":"product_tag-pieces-dautos","10":"has-post-title","11":"has-post-date","12":"has-post-category","13":"has-post-tag","14":"has-post-comment","15":"has-post-author","16":"","17":"fullcover","19":"first","20":"instock","21":"taxable","22":"shipping-taxable","23":"purchasable","24":"product-type-simple"},"jetpack_sharing_enabled":true,"builder_content":"","_links":{"self":[{"href":"https:\/\/fittingsgo.com\/fr\/wp-json\/wp\/v2\/product\/3623","targetHints":{"allow":["GET"]}}],"collection":[{"href":"https:\/\/fittingsgo.com\/fr\/wp-json\/wp\/v2\/product"}],"about":[{"href":"https:\/\/fittingsgo.com\/fr\/wp-json\/wp\/v2\/types\/product"}],"replies":[{"embeddable":true,"href":"https:\/\/fittingsgo.com\/fr\/wp-json\/wp\/v2\/comments?post=3623"}],"wp:featuredmedia":[{"embeddable":true,"href":"https:\/\/fittingsgo.com\/fr\/wp-json\/wp\/v2\/media\/3295"}],"wp:attachment":[{"href":"https:\/\/fittingsgo.com\/fr\/wp-json\/wp\/v2\/media?parent=3623"}],"wp:term":[{"taxonomy":"product_brand","embeddable":true,"href":"https:\/\/fittingsgo.com\/fr\/wp-json\/wp\/v2\/product_brand?post=3623"},{"taxonomy":"product_cat","embeddable":true,"href":"https:\/\/fittingsgo.com\/fr\/wp-json\/wp\/v2\/product_cat?post=3623"},{"taxonomy":"product_tag","embeddable":true,"href":"https:\/\/fittingsgo.com\/fr\/wp-json\/wp\/v2\/product_tag?post=3623"}],"curies":[{"name":"wp","href":"https:\/\/api.w.org\/{rel}","templated":true}]}}