{"id":3622,"date":"2019-03-27T21:17:46","date_gmt":"2019-03-28T02:17:46","guid":{"rendered":"https:\/\/fittingsgo.com\/product\/tournevis-a-percussion-3-8-po-drive-4-bites\/"},"modified":"2019-06-27T21:11:06","modified_gmt":"2019-06-28T02:11:06","slug":"tournevis-a-percussion-3-8-po-drive-4-bites","status":"publish","type":"product","link":"https:\/\/fittingsgo.com\/fr\/produit\/tournevis-a-percussion-3-8-po-drive-4-bites\/","title":{"rendered":"Tournevis \u00e0 percussion 3\/8 po drive (4 bites)"},"content":{"rendered":"<p>Interchange: W2500P<\/p>\n<div id=\"themify_builder_content-3622\" data-postid=\"3622\" class=\"themify_builder_content themify_builder_content-3622 themify_builder\">\n    <\/div>\n<!-- \/themify_builder_content -->\n","protected":false},"excerpt":{"rendered":"<p>Id\u00e9al pour desserrer des vis ou des boulons bien serr\u00e9s ou rouill\u00e9s.<br \/>\nL&#8217;adaptateur hexagonal amovible permet une utilisation avec des douilles d&#8217;entra\u00eenement et accessoires de 3\/8 po.<br \/>\nMallette de rangement robuste moul\u00e9e par soufflage.<br \/>\nGrandeurs phillips: #2 &amp; #3<br \/>\nGrandeurs plats: 5\/16 po &amp; 3\/8 po<br \/>\nBites de remplacement: Regardez # W2500-36MM<br \/>\nFabriqu\u00e9 par Performance Tool<\/p>\n","protected":false},"featured_media":3297,"comment_status":"open","ping_status":"closed","template":"","meta":[],"product_brand":[],"product_cat":[232],"product_tag":[180,189,177],"class_list":{"0":"post-3622","1":"product","2":"type-product","3":"status-publish","4":"has-post-thumbnail","6":"product_cat-outils-dimpact","7":"product_tag-automotive-fr","8":"product_tag-fournitures-datelier","9":"product_tag-pieces-dautos","10":"has-post-title","11":"has-post-date","12":"has-post-category","13":"has-post-tag","14":"has-post-comment","15":"has-post-author","16":"","17":"fullcover","19":"first","20":"instock","21":"taxable","22":"shipping-taxable","23":"purchasable","24":"product-type-simple"},"jetpack_sharing_enabled":true,"builder_content":"","_links":{"self":[{"href":"https:\/\/fittingsgo.com\/fr\/wp-json\/wp\/v2\/product\/3622","targetHints":{"allow":["GET"]}}],"collection":[{"href":"https:\/\/fittingsgo.com\/fr\/wp-json\/wp\/v2\/product"}],"about":[{"href":"https:\/\/fittingsgo.com\/fr\/wp-json\/wp\/v2\/types\/product"}],"replies":[{"embeddable":true,"href":"https:\/\/fittingsgo.com\/fr\/wp-json\/wp\/v2\/comments?post=3622"}],"wp:featuredmedia":[{"embeddable":true,"href":"https:\/\/fittingsgo.com\/fr\/wp-json\/wp\/v2\/media\/3297"}],"wp:attachment":[{"href":"https:\/\/fittingsgo.com\/fr\/wp-json\/wp\/v2\/media?parent=3622"}],"wp:term":[{"taxonomy":"product_brand","embeddable":true,"href":"https:\/\/fittingsgo.com\/fr\/wp-json\/wp\/v2\/product_brand?post=3622"},{"taxonomy":"product_cat","embeddable":true,"href":"https:\/\/fittingsgo.com\/fr\/wp-json\/wp\/v2\/product_cat?post=3622"},{"taxonomy":"product_tag","embeddable":true,"href":"https:\/\/fittingsgo.com\/fr\/wp-json\/wp\/v2\/product_tag?post=3622"}],"curies":[{"name":"wp","href":"https:\/\/api.w.org\/{rel}","templated":true}]}}