{"id":3621,"date":"2019-03-27T21:27:33","date_gmt":"2019-03-28T02:27:33","guid":{"rendered":"https:\/\/fittingsgo.com\/product\/outil-pour-freins-a-main-electrique\/"},"modified":"2019-06-27T21:09:07","modified_gmt":"2019-06-28T02:09:07","slug":"outil-pour-freins-a-main-electrique","status":"publish","type":"product","link":"https:\/\/fittingsgo.com\/fr\/produit\/outil-pour-freins-a-main-electrique\/","title":{"rendered":"Outil de frein de stationnement \u00e9lectronique"},"content":{"rendered":"<p>W3000<\/p>\n<div id=\"themify_builder_content-3621\" data-postid=\"3621\" class=\"themify_builder_content themify_builder_content-3621 themify_builder\">\n    <\/div>\n<!-- \/themify_builder_content -->\n","protected":false},"excerpt":{"rendered":"<p>Outil de frein de stationnement \u00e9lectronique pour VW | Audi.<br \/>\nLire les codes de diagnostic, le flux de donn\u00e9es, les informations de l\u2019\u00e9cu et les informations sur le syst\u00e8me de frein de stationnement.<br \/>\nD\u00e9sactiver \/ Activer le SBC Sensotronic Brake Control.<br \/>\nOuvre \/ ferme les \u00e9triers pour l\u2019entretien des plaquettes des v\u00e9hicules Volkswagen et Audi.<br \/>\nR\u00e9initialisez le syst\u00e8me de freinage arri\u00e8re apr\u00e8s avoir chang\u00e9 les \u00e9triers, les disques de frein ou les plaquettes.<br \/>\nLit et efface les codes de probl\u00e8mes SBC<br \/>\nAnglais et espagnol.<br \/>\nFonctionne avec Audi, VW, Mercedes et Volvo<br \/>\nFabriqu\u00e9 par Performance Tool<\/p>\n","protected":false},"featured_media":3299,"comment_status":"open","ping_status":"closed","template":"","meta":[],"product_brand":[],"product_cat":[198],"product_tag":[180,189,177],"class_list":{"0":"post-3621","1":"product","2":"type-product","3":"status-publish","4":"has-post-thumbnail","6":"product_cat-outils-de-freins","7":"product_tag-automotive-fr","8":"product_tag-fournitures-datelier","9":"product_tag-pieces-dautos","10":"has-post-title","11":"has-post-date","12":"has-post-category","13":"has-post-tag","14":"has-post-comment","15":"has-post-author","16":"","17":"fullcover","19":"first","20":"instock","21":"taxable","22":"shipping-taxable","23":"purchasable","24":"product-type-simple"},"jetpack_sharing_enabled":true,"builder_content":"","_links":{"self":[{"href":"https:\/\/fittingsgo.com\/fr\/wp-json\/wp\/v2\/product\/3621","targetHints":{"allow":["GET"]}}],"collection":[{"href":"https:\/\/fittingsgo.com\/fr\/wp-json\/wp\/v2\/product"}],"about":[{"href":"https:\/\/fittingsgo.com\/fr\/wp-json\/wp\/v2\/types\/product"}],"replies":[{"embeddable":true,"href":"https:\/\/fittingsgo.com\/fr\/wp-json\/wp\/v2\/comments?post=3621"}],"wp:featuredmedia":[{"embeddable":true,"href":"https:\/\/fittingsgo.com\/fr\/wp-json\/wp\/v2\/media\/3299"}],"wp:attachment":[{"href":"https:\/\/fittingsgo.com\/fr\/wp-json\/wp\/v2\/media?parent=3621"}],"wp:term":[{"taxonomy":"product_brand","embeddable":true,"href":"https:\/\/fittingsgo.com\/fr\/wp-json\/wp\/v2\/product_brand?post=3621"},{"taxonomy":"product_cat","embeddable":true,"href":"https:\/\/fittingsgo.com\/fr\/wp-json\/wp\/v2\/product_cat?post=3621"},{"taxonomy":"product_tag","embeddable":true,"href":"https:\/\/fittingsgo.com\/fr\/wp-json\/wp\/v2\/product_tag?post=3621"}],"curies":[{"name":"wp","href":"https:\/\/api.w.org\/{rel}","templated":true}]}}