{"id":3620,"date":"2019-03-27T21:31:15","date_gmt":"2019-03-28T02:31:15","guid":{"rendered":"https:\/\/fittingsgo.com\/product\/large-plateau-magnetique-pour-boulons\/"},"modified":"2019-06-29T14:10:50","modified_gmt":"2019-06-29T19:10:50","slug":"large-plateau-magnetique-pour-boulons","status":"publish","type":"product","link":"https:\/\/fittingsgo.com\/fr\/produit\/large-plateau-magnetique-pour-boulons\/","title":{"rendered":"Large plateau magn\u00e9tique pour boulons"},"content":{"rendered":"<p>W1265<\/p>\n<div id=\"themify_builder_content-3620\" data-postid=\"3620\" class=\"themify_builder_content themify_builder_content-3620 themify_builder\">\n    <\/div>\n<!-- \/themify_builder_content -->\n","protected":false},"excerpt":{"rendered":"<p>Construction en acier inoxydable.<br \/>\nDeux forts doubles aimants.<br \/>\nEmp\u00eache les petites pi\u00e8ces m\u00e9talliques et les outils de se perdre.<br \/>\nM\u00eame travaille de c\u00f4t\u00e9 et \u00e0 l&#8217;envers.<br \/>\nGrandeurs: 9 1\/2 po x 5 1\/2 po<br \/>\nFabriqu\u00e9 par Performance Tool<\/p>\n","protected":false},"featured_media":3300,"comment_status":"open","ping_status":"closed","template":"","meta":[],"product_brand":[],"product_cat":[231],"product_tag":[180,189,177],"class_list":{"0":"post-3620","1":"product","2":"type-product","3":"status-publish","4":"has-post-thumbnail","6":"product_cat-plateaux-magnetiques-recuperateurs","7":"product_tag-automotive-fr","8":"product_tag-fournitures-datelier","9":"product_tag-pieces-dautos","10":"has-post-title","11":"has-post-date","12":"has-post-category","13":"has-post-tag","14":"has-post-comment","15":"has-post-author","16":"","17":"fullcover","19":"first","20":"instock","21":"taxable","22":"shipping-taxable","23":"purchasable","24":"product-type-simple"},"jetpack_sharing_enabled":true,"builder_content":"","_links":{"self":[{"href":"https:\/\/fittingsgo.com\/fr\/wp-json\/wp\/v2\/product\/3620","targetHints":{"allow":["GET"]}}],"collection":[{"href":"https:\/\/fittingsgo.com\/fr\/wp-json\/wp\/v2\/product"}],"about":[{"href":"https:\/\/fittingsgo.com\/fr\/wp-json\/wp\/v2\/types\/product"}],"replies":[{"embeddable":true,"href":"https:\/\/fittingsgo.com\/fr\/wp-json\/wp\/v2\/comments?post=3620"}],"wp:featuredmedia":[{"embeddable":true,"href":"https:\/\/fittingsgo.com\/fr\/wp-json\/wp\/v2\/media\/3300"}],"wp:attachment":[{"href":"https:\/\/fittingsgo.com\/fr\/wp-json\/wp\/v2\/media?parent=3620"}],"wp:term":[{"taxonomy":"product_brand","embeddable":true,"href":"https:\/\/fittingsgo.com\/fr\/wp-json\/wp\/v2\/product_brand?post=3620"},{"taxonomy":"product_cat","embeddable":true,"href":"https:\/\/fittingsgo.com\/fr\/wp-json\/wp\/v2\/product_cat?post=3620"},{"taxonomy":"product_tag","embeddable":true,"href":"https:\/\/fittingsgo.com\/fr\/wp-json\/wp\/v2\/product_tag?post=3620"}],"curies":[{"name":"wp","href":"https:\/\/api.w.org\/{rel}","templated":true}]}}