{"id":3618,"date":"2019-03-27T21:43:57","date_gmt":"2019-03-28T02:43:57","guid":{"rendered":"https:\/\/fittingsgo.com\/product\/extracteur-de-rotule\/"},"modified":"2021-11-29T09:10:35","modified_gmt":"2021-11-29T14:10:35","slug":"extracteur-de-rotule","status":"publish","type":"product","link":"https:\/\/fittingsgo.com\/fr\/produit\/extracteur-de-rotule\/","title":{"rendered":"Extracteur de rotule"},"content":{"rendered":"<p>Interchange: ATD-8696, ATD8698, 8696, RDBJSS<\/p>\n<div id=\"themify_builder_content-3618\" data-postid=\"3618\" class=\"themify_builder_content themify_builder_content-3618 themify_builder\">\n    <\/div>\n<!-- \/themify_builder_content -->\n","protected":false},"excerpt":{"rendered":"<p>Caract\u00e9ristiques:<br \/>\nL&#8217;ensemble d&#8217;outils \u00e0 usage intensif est excellent pour le retrait et l&#8217;installation de pi\u00e8ces \u00e0 ajustement serr\u00e9 telles que le ball joints, joints universels et goupilles d&#8217;ancrage de freins de camion.<br \/>\nEnl\u00e8ve les pi\u00e8ces rouill\u00e9es et corrod\u00e9es.<br \/>\nL&#8217;ensemble contient:<br \/>\nC-frame press<br \/>\n(3) tubes receveurs grandeurs: 2-3\/4 po x 3 po, 2-1\/4 po x 2-1\/2 po et 1-3\/4 po \u00a0x 2 po.<br \/>\nInstallation et d\u00e9montage des adaptateurs pour les v\u00e9hicules 4WD de 1 1\/2 et 3\/4 tonnes actuels de 1967 \u00e0 l&#8217;essieu avant Dana 44 (sur les v\u00e9hicules Ford, GM, Dodge, IHC et Jeep).<br \/>\nBo\u00eetier de rangement moul\u00e9 inclus.<br \/>\nFabriqu\u00e9 par ATD Tools<br \/>\nManuel: <a href=\"https:\/\/fittingsgo.com\/wp-content\/uploads\/2019\/03\/ATD8696-rev-08-15.pdf\" target=\"_blank\" rel=\"noopener noreferrer\">ATD8696 (rev 08-15)<\/a><\/p>\n","protected":false},"featured_media":3302,"comment_status":"open","ping_status":"closed","template":"","meta":[],"product_brand":[],"product_cat":[230],"product_tag":[180,189,177],"class_list":{"0":"post-3618","1":"product","2":"type-product","3":"status-publish","4":"has-post-thumbnail","6":"product_cat-outils-de-suspension-et-direction","7":"product_tag-automotive-fr","8":"product_tag-fournitures-datelier","9":"product_tag-pieces-dautos","10":"has-post-title","11":"has-post-date","12":"has-post-category","13":"has-post-tag","14":"has-post-comment","15":"has-post-author","16":"","17":"fullcover","19":"first","20":"instock","21":"taxable","22":"shipping-taxable","23":"purchasable","24":"product-type-simple"},"jetpack_sharing_enabled":true,"builder_content":"","_links":{"self":[{"href":"https:\/\/fittingsgo.com\/fr\/wp-json\/wp\/v2\/product\/3618","targetHints":{"allow":["GET"]}}],"collection":[{"href":"https:\/\/fittingsgo.com\/fr\/wp-json\/wp\/v2\/product"}],"about":[{"href":"https:\/\/fittingsgo.com\/fr\/wp-json\/wp\/v2\/types\/product"}],"replies":[{"embeddable":true,"href":"https:\/\/fittingsgo.com\/fr\/wp-json\/wp\/v2\/comments?post=3618"}],"wp:featuredmedia":[{"embeddable":true,"href":"https:\/\/fittingsgo.com\/fr\/wp-json\/wp\/v2\/media\/3302"}],"wp:attachment":[{"href":"https:\/\/fittingsgo.com\/fr\/wp-json\/wp\/v2\/media?parent=3618"}],"wp:term":[{"taxonomy":"product_brand","embeddable":true,"href":"https:\/\/fittingsgo.com\/fr\/wp-json\/wp\/v2\/product_brand?post=3618"},{"taxonomy":"product_cat","embeddable":true,"href":"https:\/\/fittingsgo.com\/fr\/wp-json\/wp\/v2\/product_cat?post=3618"},{"taxonomy":"product_tag","embeddable":true,"href":"https:\/\/fittingsgo.com\/fr\/wp-json\/wp\/v2\/product_tag?post=3618"}],"curies":[{"name":"wp","href":"https:\/\/api.w.org\/{rel}","templated":true}]}}