{"id":3617,"date":"2019-03-27T21:59:44","date_gmt":"2019-03-28T02:59:44","guid":{"rendered":"https:\/\/fittingsgo.com\/product\/douille-pour-sonde-oxygene\/"},"modified":"2019-06-27T21:06:51","modified_gmt":"2019-06-28T02:06:51","slug":"douille-pour-sonde-oxygene","status":"publish","type":"product","link":"https:\/\/fittingsgo.com\/fr\/produit\/douille-pour-sonde-oxygene\/","title":{"rendered":"Douille pour sonde d&#8217;oxyg\u00e8ne"},"content":{"rendered":"<p>W84008<\/p>\n<div id=\"themify_builder_content-3617\" data-postid=\"3617\" class=\"themify_builder_content themify_builder_content-3617 themify_builder\">\n    <\/div>\n<!-- \/themify_builder_content -->\n","protected":false},"excerpt":{"rendered":"<p>Enl\u00e8ve et installe des capteurs sur les v\u00e9hicules de contr\u00f4le moteur informatis\u00e9s.<br \/>\n3\/8 \u00a0po drive 7\/8 po 6 pt. douille avec partie d\u00e9coup\u00e9e pour le d\u00e9gagement du fil.<br \/>\nConception offset pour les zones confin\u00e9es.<br \/>\nConstruction en acier alli\u00e9 robuste.<br \/>\nGrandeur: 7\/8 po<br \/>\nFabriqu\u00e9 par Performance Tool<\/p>\n","protected":false},"featured_media":3304,"comment_status":"open","ping_status":"closed","template":"","meta":[],"product_brand":[],"product_cat":[220],"product_tag":[180,189,177],"class_list":{"0":"post-3617","1":"product","2":"type-product","3":"status-publish","4":"has-post-thumbnail","6":"product_cat-outils-de-bougie-allumage-et-sondes-oxygene","7":"product_tag-automotive-fr","8":"product_tag-fournitures-datelier","9":"product_tag-pieces-dautos","10":"has-post-title","11":"has-post-date","12":"has-post-category","13":"has-post-tag","14":"has-post-comment","15":"has-post-author","16":"","17":"fullcover","19":"first","20":"instock","21":"taxable","22":"shipping-taxable","23":"purchasable","24":"product-type-simple"},"jetpack_sharing_enabled":true,"builder_content":"","_links":{"self":[{"href":"https:\/\/fittingsgo.com\/fr\/wp-json\/wp\/v2\/product\/3617","targetHints":{"allow":["GET"]}}],"collection":[{"href":"https:\/\/fittingsgo.com\/fr\/wp-json\/wp\/v2\/product"}],"about":[{"href":"https:\/\/fittingsgo.com\/fr\/wp-json\/wp\/v2\/types\/product"}],"replies":[{"embeddable":true,"href":"https:\/\/fittingsgo.com\/fr\/wp-json\/wp\/v2\/comments?post=3617"}],"wp:featuredmedia":[{"embeddable":true,"href":"https:\/\/fittingsgo.com\/fr\/wp-json\/wp\/v2\/media\/3304"}],"wp:attachment":[{"href":"https:\/\/fittingsgo.com\/fr\/wp-json\/wp\/v2\/media?parent=3617"}],"wp:term":[{"taxonomy":"product_brand","embeddable":true,"href":"https:\/\/fittingsgo.com\/fr\/wp-json\/wp\/v2\/product_brand?post=3617"},{"taxonomy":"product_cat","embeddable":true,"href":"https:\/\/fittingsgo.com\/fr\/wp-json\/wp\/v2\/product_cat?post=3617"},{"taxonomy":"product_tag","embeddable":true,"href":"https:\/\/fittingsgo.com\/fr\/wp-json\/wp\/v2\/product_tag?post=3617"}],"curies":[{"name":"wp","href":"https:\/\/api.w.org\/{rel}","templated":true}]}}