{"id":3601,"date":"2019-04-05T21:38:54","date_gmt":"2019-04-06T02:38:54","guid":{"rendered":"https:\/\/fittingsgo.com\/product\/booster-de-demarrage\/"},"modified":"2022-02-18T09:27:41","modified_gmt":"2022-02-18T14:27:41","slug":"boosters-de-demarrage-noco","status":"publish","type":"product","link":"https:\/\/fittingsgo.com\/fr\/produit\/boosters-de-demarrage-noco\/","title":{"rendered":"Boosters de d\u00e9marrage Noco"},"content":{"rendered":"<p>GB20 400A manuel: <a href=\"https:\/\/fittingsgo.com\/wp-content\/uploads\/2019\/04\/gb20-lithium-jump-starter-user-guide.pdf\" target=\"_blank\" rel=\"noopener noreferrer\">gb20-lithium-jump-starter-user-guide<\/a><br \/>\nGB40 1000A manuel: <a href=\"https:\/\/fittingsgo.com\/wp-content\/uploads\/2019\/04\/gb40-lithium-jump-stater-user-guide.pdf\" target=\"_blank\" rel=\"noopener noreferrer\">gb40-lithium-jump-stater-user-guide<\/a><br \/>\nGB70 2000A manuel: <a href=\"https:\/\/fittingsgo.com\/wp-content\/uploads\/2019\/04\/gb70-lithium-jump-starter-user-guide.pdf\" target=\"_blank\" rel=\"noopener noreferrer\">gb70-lithium-jump-starter-user-guide<\/a><br \/>\nGB150 4000A manuel:<a href=\"https:\/\/fittingsgo.com\/wp-content\/uploads\/2019\/04\/gb150-lithium-jump-starter-user-guide.pdf\" target=\"_blank\" rel=\"noopener noreferrer\">gb150-lithium-jump-starter-user-guide<\/a><\/p>\n<div id=\"themify_builder_content-3601\" data-postid=\"3601\" class=\"themify_builder_content themify_builder_content-3601 themify_builder\">\n    <\/div>\n<!-- \/themify_builder_content -->\n","protected":false},"excerpt":{"rendered":"<p>Les d\u00e9marreurs au lithium NOCO UltraSafe Lithium sont dot\u00e9s d&#8217;une technologie de s\u00e9curit\u00e9 brevet\u00e9e qui assure des connexions anti-\u00e9tincelles et une protection contre l&#8217;inversion de polarit\u00e9, ce qui rend l&#8217;utilisation s\u00fbre et facile pour tous. C&#8217;est un puissant surpresseur de batterie qui sert \u00e9galement de source d&#8217;alimentation portable pour recharger des p\u00e9riph\u00e9riques USB, comme un smartphone, une tablette, etc. Con\u00e7u pour une voiture, bateau, camping-car, camion et plus avec moteurs \u00e0 essence.<br \/>\nFabriqu\u00e9 par Noco<\/p>\n","protected":false},"featured_media":3329,"comment_status":"open","ping_status":"closed","template":"","meta":[],"product_brand":[],"product_cat":[227],"product_tag":[180,189,177],"class_list":{"0":"post-3601","1":"product","2":"type-product","3":"status-publish","4":"has-post-thumbnail","6":"product_cat-outils-de-batteries","7":"product_tag-automotive-fr","8":"product_tag-fournitures-datelier","9":"product_tag-pieces-dautos","10":"has-post-title","11":"has-post-date","12":"has-post-category","13":"has-post-tag","14":"has-post-comment","15":"has-post-author","16":"","17":"fullcover","19":"first","20":"instock","21":"taxable","22":"shipping-taxable","23":"purchasable","24":"product-type-variable"},"jetpack_sharing_enabled":true,"builder_content":"","_links":{"self":[{"href":"https:\/\/fittingsgo.com\/fr\/wp-json\/wp\/v2\/product\/3601","targetHints":{"allow":["GET"]}}],"collection":[{"href":"https:\/\/fittingsgo.com\/fr\/wp-json\/wp\/v2\/product"}],"about":[{"href":"https:\/\/fittingsgo.com\/fr\/wp-json\/wp\/v2\/types\/product"}],"replies":[{"embeddable":true,"href":"https:\/\/fittingsgo.com\/fr\/wp-json\/wp\/v2\/comments?post=3601"}],"wp:featuredmedia":[{"embeddable":true,"href":"https:\/\/fittingsgo.com\/fr\/wp-json\/wp\/v2\/media\/3329"}],"wp:attachment":[{"href":"https:\/\/fittingsgo.com\/fr\/wp-json\/wp\/v2\/media?parent=3601"}],"wp:term":[{"taxonomy":"product_brand","embeddable":true,"href":"https:\/\/fittingsgo.com\/fr\/wp-json\/wp\/v2\/product_brand?post=3601"},{"taxonomy":"product_cat","embeddable":true,"href":"https:\/\/fittingsgo.com\/fr\/wp-json\/wp\/v2\/product_cat?post=3601"},{"taxonomy":"product_tag","embeddable":true,"href":"https:\/\/fittingsgo.com\/fr\/wp-json\/wp\/v2\/product_tag?post=3601"}],"curies":[{"name":"wp","href":"https:\/\/api.w.org\/{rel}","templated":true}]}}