{"id":3596,"date":"2019-04-06T08:15:45","date_gmt":"2019-04-06T13:15:45","guid":{"rendered":"https:\/\/fittingsgo.com\/product\/ruban-de-masquage-performant\/"},"modified":"2020-07-24T10:59:22","modified_gmt":"2020-07-24T15:59:22","slug":"ruban-de-masquage-performant","status":"publish","type":"product","link":"https:\/\/fittingsgo.com\/fr\/produit\/ruban-de-masquage-performant\/","title":{"rendered":"Ruban de masquage performant 3M"},"content":{"rendered":"<p>Interchange: 26334, 26344<\/p>\n<div id=\"themify_builder_content-3596\" data-postid=\"3596\" class=\"themify_builder_content themify_builder_content-3596 themify_builder\">\n    <\/div>\n<!-- \/themify_builder_content -->\n","protected":false},"excerpt":{"rendered":"<p>Tr\u00e8s conformable et r\u00e9sistant aux UV.<br \/>\nR\u00e9sistant a l&#8217;impregnation et s&#8217;applique rapidement et facilement.<br \/>\nLe ruban de masquage performant 233+ Scotch est un ruban de grand rendement con\u00e7u pour les travaux de remise en \u00e9tat. Il \u00e9pouse les courbes pour une utilisation facile, procure des lignes de d\u00e9marcation exceptionnelles et offre une r\u00e9sistance au transfert d\u2019adh\u00e9sif.<br \/>\nCe ruban de couleur verte a une excellente souplesse, r\u00e9sistance au transfert et aux infiltrations. Ce produit s\u2019applique rapidement et facilement, colle en un toucher et demeure en place. Parfaitement \u00e9quilibr\u00e9 pour procurer des r\u00e9sultats de masquage exceptionnels. Cela a \u00e9galement une meilleure r\u00e9sistance aux UV que les rubans de masquage traditionnels.\u00a0Adh\u00e9rence \u00e0 l\u2019acier : 38 oz\/po de largeur. Tension : 25 lb\/po \u00c9paisseur du ruban : 6,7 mil. Plage de temp\u00e9rature : 250 F (121 oC) pendant 30 minutes.<br \/>\n&#8211; Offerts en divers formats.<br \/>\nFabriqu\u00e9 par 3M<\/p>\n","protected":false},"featured_media":3334,"comment_status":"open","ping_status":"closed","template":"","meta":[],"product_brand":[],"product_cat":[427],"product_tag":[180,189,177],"class_list":{"0":"post-3596","1":"product","2":"type-product","3":"status-publish","4":"has-post-thumbnail","6":"product_cat-silicones-et-adhesifs","7":"product_tag-automotive-fr","8":"product_tag-fournitures-datelier","9":"product_tag-pieces-dautos","10":"has-post-title","11":"has-post-date","12":"has-post-category","13":"has-post-tag","14":"has-post-comment","15":"has-post-author","16":"","17":"fullcover","19":"first","20":"instock","21":"taxable","22":"shipping-taxable","23":"purchasable","24":"product-type-variable"},"jetpack_sharing_enabled":true,"builder_content":"","_links":{"self":[{"href":"https:\/\/fittingsgo.com\/fr\/wp-json\/wp\/v2\/product\/3596","targetHints":{"allow":["GET"]}}],"collection":[{"href":"https:\/\/fittingsgo.com\/fr\/wp-json\/wp\/v2\/product"}],"about":[{"href":"https:\/\/fittingsgo.com\/fr\/wp-json\/wp\/v2\/types\/product"}],"replies":[{"embeddable":true,"href":"https:\/\/fittingsgo.com\/fr\/wp-json\/wp\/v2\/comments?post=3596"}],"wp:featuredmedia":[{"embeddable":true,"href":"https:\/\/fittingsgo.com\/fr\/wp-json\/wp\/v2\/media\/3334"}],"wp:attachment":[{"href":"https:\/\/fittingsgo.com\/fr\/wp-json\/wp\/v2\/media?parent=3596"}],"wp:term":[{"taxonomy":"product_brand","embeddable":true,"href":"https:\/\/fittingsgo.com\/fr\/wp-json\/wp\/v2\/product_brand?post=3596"},{"taxonomy":"product_cat","embeddable":true,"href":"https:\/\/fittingsgo.com\/fr\/wp-json\/wp\/v2\/product_cat?post=3596"},{"taxonomy":"product_tag","embeddable":true,"href":"https:\/\/fittingsgo.com\/fr\/wp-json\/wp\/v2\/product_tag?post=3596"}],"curies":[{"name":"wp","href":"https:\/\/api.w.org\/{rel}","templated":true}]}}